{"id":707,"date":"2024-01-27T11:14:49","date_gmt":"2024-01-27T10:14:49","guid":{"rendered":"https:\/\/blgastrotrends.de\/?page_id=707"},"modified":"2024-01-27T11:25:03","modified_gmt":"2024-01-27T10:25:03","slug":"kontakt","status":"publish","type":"page","link":"https:\/\/exportnavigator.fleischnet.de\/de\/kontakt","title":{"rendered":"Kontakt"},"content":{"rendered":"\n<p><strong>Verlag:<\/strong><br><strong>B&amp;L MedienGesellschaft mbH &amp; Co. KG<\/strong><br>Postfach 10 02 20, 40702 Hilden<br>Max-Volmer-Str. 28, 40724 Hilden<br>Tel.: 02103\/-204-0 \u2013 Fax: 02103\/204-204<br>E-Mail: info@blmedien.de<br>Internet: www.blmedien.de<\/p>\n\n\n\n<p><strong>Verlagsniederlassung M\u00fcnchen<\/strong><br><strong>B&amp;L MedienGesellschaft mbH &amp; Co. KG<\/strong><br>Postfach 21 03 46, 80673 M\u00fcnchen<br>Garmischer Stra\u00dfe 7, 80339 M\u00fcnchen<br>Tel.: 089\/37060-0 \u2013 Fax: 089\/37060-111<br>E-Mail: muc@blmedien.de<br>Internet: www.blmedien.de<\/p>\n\n\n\n<p><strong>Verlagsniederlassung Bad Breisig<\/strong><br><strong>B&amp;L MedienGesellschaft mbH &amp; Co. KG<\/strong><br>Postfach 1363, 53492 Bad Breisig<br>Zehnerstra\u00dfe 22b, 53498 Bad Breisig<br>Tel.: 02633\/4540-0 \u2013 Fax: 02633\/97415<br>E-Mail: infobb@blmedien.de<br>Internet: www.moproweb.de<\/p>\n","protected":false},"excerpt":{"rendered":"<p>Verlag:B&amp;L MedienGesellschaft mbH &amp; Co. KGPostfach 10 02 20, 40702 HildenMax-Volmer-Str. 28, 40724 HildenTel.: 02103\/-204-0 \u2013 Fax: 02103\/204-204E-Mail: info@blmedien.deInternet: www.blmedien.de Verlagsniederlassung M\u00fcnchenB&amp;L MedienGesellschaft mbH &amp; Co. KGPostfach 21 03 46, [&hellip;]<\/p>\n","protected":false},"author":5,"featured_media":0,"parent":0,"menu_order":0,"comment_status":"closed","ping_status":"closed","template":"","meta":{"_acf_changed":false,"footnotes":"","_links_to":"","_links_to_target":""},"class_list":["post-707","page","type-page","status-publish","hentry"],"acf":[],"yoast_head":"<!-- This site is optimized with the Yoast SEO plugin v27.5 - https:\/\/yoast.com\/product\/yoast-seo-wordpress\/ -->\n<title>Kontakt - exportnavigator.fleischnet.de<\/title>\n<meta name=\"robots\" content=\"noindex, follow, max-snippet:-1, max-image-preview:large, max-video-preview:-1\" \/>\n<meta property=\"og:locale\" content=\"de_DE\" \/>\n<meta property=\"og:type\" content=\"article\" \/>\n<meta property=\"og:title\" content=\"Kontakt - exportnavigator.fleischnet.de\" \/>\n<meta property=\"og:description\" content=\"Verlag:B&amp;L MedienGesellschaft mbH &amp; Co. KGPostfach 10 02 20, 40702 HildenMax-Volmer-Str. 28, 40724 HildenTel.: 02103\/-204-0 \u2013 Fax: 02103\/204-204E-Mail: info@blmedien.deInternet: www.blmedien.de Verlagsniederlassung M\u00fcnchenB&amp;L MedienGesellschaft mbH &amp; Co. KGPostfach 21 03 46, [&hellip;]\" \/>\n<meta property=\"og:url\" content=\"https:\/\/exportnavigator.fleischnet.de\/de\/kontakt\/\" \/>\n<meta property=\"og:site_name\" content=\"exportnavigator.fleischnet.de\" \/>\n<meta property=\"article:publisher\" content=\"https:\/\/www.facebook.com\/profile.php?id=61556339901555\" \/>\n<meta property=\"article:modified_time\" content=\"2024-01-27T10:25:03+00:00\" \/>\n<meta name=\"twitter:card\" content=\"summary_large_image\" \/>\n<script type=\"application\/ld+json\" class=\"yoast-schema-graph\">{\"@context\":\"https:\\\/\\\/schema.org\",\"@graph\":[{\"@type\":\"WebPage\",\"@id\":\"https:\\\/\\\/exportnavigator.fleischnet.de\\\/kontakt\",\"url\":\"https:\\\/\\\/exportnavigator.fleischnet.de\\\/kontakt\",\"name\":\"Kontakt - exportnavigator.fleischnet.de\",\"isPartOf\":{\"@id\":\"https:\\\/\\\/exportnavigator.fleischnet.de\\\/#website\"},\"datePublished\":\"2024-01-27T10:14:49+00:00\",\"dateModified\":\"2024-01-27T10:25:03+00:00\",\"breadcrumb\":{\"@id\":\"https:\\\/\\\/exportnavigator.fleischnet.de\\\/kontakt#breadcrumb\"},\"inLanguage\":\"de\",\"potentialAction\":[{\"@type\":\"ReadAction\",\"target\":[\"https:\\\/\\\/exportnavigator.fleischnet.de\\\/kontakt\"]}]},{\"@type\":\"BreadcrumbList\",\"@id\":\"https:\\\/\\\/exportnavigator.fleischnet.de\\\/kontakt#breadcrumb\",\"itemListElement\":[{\"@type\":\"ListItem\",\"position\":1,\"name\":\"Startseite\",\"item\":\"https:\\\/\\\/exportnavigator.fleischnet.de\\\/\"},{\"@type\":\"ListItem\",\"position\":2,\"name\":\"Kontakt\"}]},{\"@type\":\"WebSite\",\"@id\":\"https:\\\/\\\/exportnavigator.fleischnet.de\\\/#website\",\"url\":\"https:\\\/\\\/exportnavigator.fleischnet.de\\\/\",\"name\":\"blgastrotrends.de\",\"description\":\"\",\"publisher\":{\"@id\":\"https:\\\/\\\/exportnavigator.fleischnet.de\\\/#organization\"},\"potentialAction\":[{\"@type\":\"SearchAction\",\"target\":{\"@type\":\"EntryPoint\",\"urlTemplate\":\"https:\\\/\\\/exportnavigator.fleischnet.de\\\/?s={search_term_string}\"},\"query-input\":{\"@type\":\"PropertyValueSpecification\",\"valueRequired\":true,\"valueName\":\"search_term_string\"}}],\"inLanguage\":\"de\"},{\"@type\":\"Organization\",\"@id\":\"https:\\\/\\\/exportnavigator.fleischnet.de\\\/#organization\",\"name\":\"B&L MedienGesellschaft mbH & Co. KG\",\"url\":\"https:\\\/\\\/exportnavigator.fleischnet.de\\\/\",\"logo\":{\"@type\":\"ImageObject\",\"inLanguage\":\"de\",\"@id\":\"https:\\\/\\\/exportnavigator.fleischnet.de\\\/#\\\/schema\\\/logo\\\/image\\\/\",\"url\":\"https:\\\/\\\/exportnavigator.fleischnet.de\\\/wp-content\\\/uploads\\\/2023\\\/12\\\/exportnavigator_icon.png\",\"contentUrl\":\"https:\\\/\\\/exportnavigator.fleischnet.de\\\/wp-content\\\/uploads\\\/2023\\\/12\\\/exportnavigator_icon.png\",\"width\":500,\"height\":506,\"caption\":\"B&L MedienGesellschaft mbH & Co. KG\"},\"image\":{\"@id\":\"https:\\\/\\\/exportnavigator.fleischnet.de\\\/#\\\/schema\\\/logo\\\/image\\\/\"},\"sameAs\":[\"https:\\\/\\\/www.facebook.com\\\/profile.php?id=61556339901555\",\"https:\\\/\\\/www.instagram.com\\\/blgastrotrends.de\\\/\"]}]}<\/script>\n<!-- \/ Yoast SEO plugin. -->","yoast_head_json":{"title":"Kontakt - exportnavigator.fleischnet.de","robots":{"index":"noindex","follow":"follow","max-snippet":"max-snippet:-1","max-image-preview":"max-image-preview:large","max-video-preview":"max-video-preview:-1"},"og_locale":"de_DE","og_type":"article","og_title":"Kontakt - exportnavigator.fleischnet.de","og_description":"Verlag:B&amp;L MedienGesellschaft mbH &amp; Co. KGPostfach 10 02 20, 40702 HildenMax-Volmer-Str. 28, 40724 HildenTel.: 02103\/-204-0 \u2013 Fax: 02103\/204-204E-Mail: info@blmedien.deInternet: www.blmedien.de Verlagsniederlassung M\u00fcnchenB&amp;L MedienGesellschaft mbH &amp; Co. KGPostfach 21 03 46, [&hellip;]","og_url":"https:\/\/exportnavigator.fleischnet.de\/de\/kontakt\/","og_site_name":"exportnavigator.fleischnet.de","article_publisher":"https:\/\/www.facebook.com\/profile.php?id=61556339901555","article_modified_time":"2024-01-27T10:25:03+00:00","twitter_card":"summary_large_image","schema":{"@context":"https:\/\/schema.org","@graph":[{"@type":"WebPage","@id":"https:\/\/exportnavigator.fleischnet.de\/kontakt","url":"https:\/\/exportnavigator.fleischnet.de\/kontakt","name":"Kontakt - exportnavigator.fleischnet.de","isPartOf":{"@id":"https:\/\/exportnavigator.fleischnet.de\/#website"},"datePublished":"2024-01-27T10:14:49+00:00","dateModified":"2024-01-27T10:25:03+00:00","breadcrumb":{"@id":"https:\/\/exportnavigator.fleischnet.de\/kontakt#breadcrumb"},"inLanguage":"de","potentialAction":[{"@type":"ReadAction","target":["https:\/\/exportnavigator.fleischnet.de\/kontakt"]}]},{"@type":"BreadcrumbList","@id":"https:\/\/exportnavigator.fleischnet.de\/kontakt#breadcrumb","itemListElement":[{"@type":"ListItem","position":1,"name":"Startseite","item":"https:\/\/exportnavigator.fleischnet.de\/"},{"@type":"ListItem","position":2,"name":"Kontakt"}]},{"@type":"WebSite","@id":"https:\/\/exportnavigator.fleischnet.de\/#website","url":"https:\/\/exportnavigator.fleischnet.de\/","name":"blgastrotrends.de","description":"","publisher":{"@id":"https:\/\/exportnavigator.fleischnet.de\/#organization"},"potentialAction":[{"@type":"SearchAction","target":{"@type":"EntryPoint","urlTemplate":"https:\/\/exportnavigator.fleischnet.de\/?s={search_term_string}"},"query-input":{"@type":"PropertyValueSpecification","valueRequired":true,"valueName":"search_term_string"}}],"inLanguage":"de"},{"@type":"Organization","@id":"https:\/\/exportnavigator.fleischnet.de\/#organization","name":"B&L MedienGesellschaft mbH & Co. KG","url":"https:\/\/exportnavigator.fleischnet.de\/","logo":{"@type":"ImageObject","inLanguage":"de","@id":"https:\/\/exportnavigator.fleischnet.de\/#\/schema\/logo\/image\/","url":"https:\/\/exportnavigator.fleischnet.de\/wp-content\/uploads\/2023\/12\/exportnavigator_icon.png","contentUrl":"https:\/\/exportnavigator.fleischnet.de\/wp-content\/uploads\/2023\/12\/exportnavigator_icon.png","width":500,"height":506,"caption":"B&L MedienGesellschaft mbH & Co. KG"},"image":{"@id":"https:\/\/exportnavigator.fleischnet.de\/#\/schema\/logo\/image\/"},"sameAs":["https:\/\/www.facebook.com\/profile.php?id=61556339901555","https:\/\/www.instagram.com\/blgastrotrends.de\/"]}]}},"_links":{"self":[{"href":"https:\/\/exportnavigator.fleischnet.de\/de\/wp-json\/wp\/v2\/pages\/707","targetHints":{"allow":["GET"]}}],"collection":[{"href":"https:\/\/exportnavigator.fleischnet.de\/de\/wp-json\/wp\/v2\/pages"}],"about":[{"href":"https:\/\/exportnavigator.fleischnet.de\/de\/wp-json\/wp\/v2\/types\/page"}],"author":[{"embeddable":true,"href":"https:\/\/exportnavigator.fleischnet.de\/de\/wp-json\/wp\/v2\/users\/5"}],"replies":[{"embeddable":true,"href":"https:\/\/exportnavigator.fleischnet.de\/de\/wp-json\/wp\/v2\/comments?post=707"}],"version-history":[{"count":2,"href":"https:\/\/exportnavigator.fleischnet.de\/de\/wp-json\/wp\/v2\/pages\/707\/revisions"}],"predecessor-version":[{"id":728,"href":"https:\/\/exportnavigator.fleischnet.de\/de\/wp-json\/wp\/v2\/pages\/707\/revisions\/728"}],"wp:attachment":[{"href":"https:\/\/exportnavigator.fleischnet.de\/de\/wp-json\/wp\/v2\/media?parent=707"}],"curies":[{"name":"wp","href":"https:\/\/api.w.org\/{rel}","templated":true}]}}