{"id":710,"date":"2024-01-27T11:15:27","date_gmt":"2024-01-27T10:15:27","guid":{"rendered":"https:\/\/blgastrotrends.de\/?page_id=710"},"modified":"2024-01-27T11:27:17","modified_gmt":"2024-01-27T10:27:17","slug":"datenschutzerklaerung","status":"publish","type":"page","link":"https:\/\/exportnavigator.fleischnet.de\/de\/datenschutzerklaerung","title":{"rendered":"Datenschutzerkl\u00e4rung"},"content":{"rendered":"\n<h2 class=\"wp-block-heading\">Datenschutzerkl\u00e4rung<\/h2>\n\n\n\n<p>Datenschutzerkl\u00e4rung<br>Stand: 14.05.2018<\/p>\n\n\n\n<p>Der Betreiber dieser Webseiten, die B&amp;L MedienGesellschaft mbH &amp; Co. KG, misst dem Schutz Ihrer Privatsph\u00e4re als Nutzer unserer Angebote h\u00f6chste Bedeutung zu. Wir behandeln Ihre personenbezogenen Daten vertraulich und entsprechend der gesetzlichen Datenschutzvorschriften sowie dieser Datenschutzerkl\u00e4rung, die f\u00fcr s\u00e4mtliche Domains G\u00fcltigkeit hat, die von uns verantwortet werden. Wir weisen darauf hin, dass die Daten\u00fcbertragung im Internet (z.B. bei der Kommunikation per EMail) Sicherheitsl\u00fccken aufweisen kann. Ein l\u00fcckenloser Schutz der Daten vor dem Zugriff durch Dritte ist nicht m\u00f6glich.<\/p>\n\n\n\n<p>1. Automatisch protokollierte Daten \/ Server-Log-Files Der Provider der Seiten erhebt und speichert automatisch Informationen in so genannten Server-LogFiles, die Ihr Browser automatisch an uns \u00fcbermittelt. Dies sind:<br>\u25cf Browsertyp und Browserversion<br>\u25cf verwendetes Betriebssystem<br>\u25cf Referrer URL<br>\u25cf Hostname des zugreifenden Rechners<br>\u25cf Uhrzeit der Serveranfrage<br>Diese Daten sind nicht bestimmten Personen zuordenbar. Eine Zusammenf\u00fchrung dieser Daten mit anderen Datenquellen wird nicht vorgenommen. Die B&amp;L MedienGesellschaft mbH &amp; Co. KG beh\u00e4lt sich vor, diese Daten nachtr\u00e4glich zu pr\u00fcfen, wenn konkrete Anhaltspunkte f\u00fcr eine rechtswidrige Nutzung bekannt werden.<\/p>\n\n\n\n<p>2. Personenbezogene Daten<br>Personenbezogene Daten sind Informationen zu Ihrer Identit\u00e4t. Darunter fallen z. B. Angaben wie Name, Adresse, Telefonnummer oder E-Mail-Adresse. Sie k\u00f6nnen die Webseiten der B&amp;L MedienGesellschaft mbH &amp; Co. KG grunds\u00e4tzlich besuchen, ohne uns pers\u00f6nliche Daten mitzuteilen. In einigen F\u00e4llen ben\u00f6tigen wir jedoch personenbezogenen Daten von Ihnen, und zwar bei der Bestellung in unseren Shops, der Registrierung f\u00fcr Online-Dienste, der Teilnahme an Gewinnspielen und Umfragen, dem Abonnement von Newslettern, der Informationsanforderung und Kontaktaufnahme mit uns. Gleiches gilt f\u00fcr die Schaltung von Werbemitteln oder auch die Eintragung in unseren Presseverteiler.<\/p>\n\n\n\n<p>3. Verwendung von personenbezogenen Daten<br>Personenbezogene Daten werden von uns nur innerhalb Deutschlands erhoben, verarbeitet und genutzt. Wir erheben in der Regel nur Daten, die wir ben\u00f6tigen, um die von Ihnen gew\u00fcnschte Leistung erbringen zu k\u00f6nnen. Soweit wir weitergehende Informationen erbitten, handelt es sich um freiwillige Ausk\u00fcnfte, die wir entsprechend kennzeichnen. Diese Angaben nutzen wir, um unsere Angebote individueller zu gestalten oder besser auf die Bed\u00fcrfnisse unsere Kunden auszurichten. Alle von Ihnen zur Verf\u00fcgung gestellten personenbezogenen Daten speichern und verwenden wir nur f\u00fcr den auf den jeweiligen Seiten angegebenen Zweck und geben sie nicht unberechtigt an Dritte weiter. In der Regel erfolgt die Nutzung Ihrer Daten zur Abwicklung Ihrer Bestellung oder Ihres Werbemittelauftrags, der Bereitstellung eines Online-Dienstes, Zusendung von Informationsmaterial, Pressemitteilungen, Newslettern oder eines Gewinns. Im Rahmen der Kontaktaufnahme mit uns (z.B. per Kontaktformular oder E-Mail) werden personenbezogene Daten erhoben. Welche Daten im Falle eines Kontaktformulars erhoben werden, ist aus dem jeweiligen Kontaktformular ersichtlich. Diese Daten werden ausschlie\u00dflich f\u00fcr die Beantwortung Ihres Anliegens bzw. f\u00fcr die Kontaktaufnahme und die damit verbundene technische Administration gespeichert und verwendet. Ihre Daten werden nach abschlie\u00dfender Bearbeitung Ihrer Anfrage gel\u00f6scht, sofern Sie dies w\u00fcnschen und der L\u00f6schung keine gesetzlichen Aufbewahrungspflichten entgegenstehen.<\/p>\n\n\n\n<p>4. Weitergabe von personenbezogenen Daten<br>Wir geben Ihre personenbezogenen Daten ausschlie\u00dflich dann an eine andere Stelle weiter, wenn<br>\u25cf eine Weitergabe ohne Ihre Einwilligung rechtm\u00e4\u00dfig ist oder, soweit dies nicht der Fall ist, Sie der \u00dcbermittlung \u00fcber die Vertragsabwicklung hinaus ausdr\u00fccklich zugestimmt haben,<br>\u25cf die \u00dcbermittlung zur Durchf\u00fchrung der Angebote oder Services, die Sie in Anspruch nehmen wollen, notwendig ist oder<br>\u25cf ein Unterauftragnehmer oder Erf\u00fcllungsgehilfe, der im Rahmen der Erbringung der Angebote oder Dienste eingesetzt wird, diese Daten ben\u00f6tigt. Solche Hilfspersonen sind, soweit Ihnen nicht ausdr\u00fccklich etwas anderes mitgeteilt wird, nur insoweit zur Verwendung der Daten berechtigt, als dies f\u00fcr die Erbringung des Angebots oder Services notwendig ist oder<br>\u25cf eine vollstreckbare beh\u00f6rdliche oder gerichtliche Anordnung vorliegt oder<br>\u25cf dies n\u00f6tig ist, um eine missbr\u00e4uchliche Verwendung unserer Angebote oder Services, insbesondere einer Nutzung unter Versto\u00df gegen die Allgemeinen Gesch\u00e4ftsbedingungen des Verlages oder besondere Nutzungsbedingungen, in gesetzlich zul\u00e4ssiger Weise zu unterbinden. Bei berechtigtem Interesse erfolgt zum Zwecke der Kreditpr\u00fcfung ein Datenaustausch mit Konzernunternehmen, Auskunfteien sowie der Schutzgemeinschaft f\u00fcr allgemeine Kreditsicherung (Schufa).<\/p>\n\n\n\n<p>5. Auskunfts- und Widerrufsrecht<br>Sie haben jederzeit das Recht auf unentgeltliche Auskunft \u00fcber Ihre gespeicherten personenbezogenen Daten, deren Herkunft und Empf\u00e4nger und den Zweck der Datenverarbeitung sowie ein Recht auf Berichtigung, Sperrung oder L\u00f6schung dieser Daten. Hierzu sowie zu weiteren Fragen zum Thema personenbezogene Daten wenden Sie sich bitte direkt an unseren Datenschutzbeauftragten. Bitte beachten Sie, dass von Ihrem Widerruf Daten ausgenommen bleiben, deren L\u00f6schung gesetzliche, satzungsm\u00e4\u00dfige oder vertragliche Aufbewahrungspflichten entgegenstehen.<\/p>\n\n\n\n<p>6. Cookies<br>Die Internetseiten verwenden teilweise so genannte Cookies. Cookies richten auf Ihrem Rechner keinen Schaden an und enthalten keine Viren. Cookies dienen dazu, unser Angebot nutzerfreundlicher, effektiver und sicherer zu machen. Cookies sind kleine Textdateien, die auf Ihrem Rechner abgelegt werden und die Ihr Browser speichert. Die meisten der von uns verwendeten Cookies sind so genannte \u201eSession-Cookies\u201c. Sie werden nach Ende Ihres Besuchs automatisch gel\u00f6scht. Andere Cookies bleiben auf Ihrem Endger\u00e4t gespeichert, bis Sie diese l\u00f6schen. Diese Cookies erm\u00f6glichen es uns, Ihren Browser beim n\u00e4chsten Besuch wiederzuerkennen. Sie k\u00f6nnen Ihren Browser so einstellen, dass Sie \u00fcber das Setzen von Cookies informiert werden und Cookies nur im Einzelfall erlauben, die Annahme von Cookies f\u00fcr bestimmte F\u00e4lle oder generell ausschlie\u00dfen sowie das automatische L\u00f6schen der Cookies beim Schlie\u00dfen des Browser aktivieren. Bei der Deaktivierung von Cookies kann die Funktionalit\u00e4t dieser Website eingeschr\u00e4nkt sein.<\/p>\n\n\n\n<p>7. Webanalysedienste \/ Google Analytics<br>Diese Website nutzt Funktionen des Webanalysedienstes Google Analytics. Anbieter ist die Google Inc., 1600 Amphitheatre Parkway Mountain View, CA 94043, USA. Google Analytics verwendet so genannte \u201cCookies\u201d. Das sind Textdateien, die auf Ihrem Computer gespeichert werden und die eine Analyse der Benutzung der Website durch Sie erm\u00f6glichen. Die durch den Cookie erzeugten Informationen \u00fcber Ihre Benutzung dieser Website werden in der Regel an einen Server von Google in den USA \u00fcbertragen und dort gespeichert. IP Anonymisierung Wir haben auf dieser Website die Funktion IP-Anonymisierung aktiviert. Dadurch wird Ihre IP-Adresse von Google innerhalb von Mitgliedstaaten der Europ\u00e4ischen Union oder in anderen Vertragsstaaten des Abkommens \u00fcber den Europ\u00e4ischen Wirtschaftsraum vor der \u00dcbermittlung in die USA gek\u00fcrzt. Nur in Ausnahmef\u00e4llen wird die volle IP-Adresse an einen Server von Google in den USA \u00fcbertragen und dort gek\u00fcrzt. Im Auftrag des Betreibers dieser Website wird Google diese Informationen benutzen, um Ihre Nutzung der Website auszuwerten, um Reports \u00fcber die Websiteaktivit\u00e4ten zusammenzustellen und um weitere mit der Websitenutzung und der Internetnutzung verbundene Dienstleistungen gegen\u00fcber dem Websitebetreiber zu erbringen. Die im Rahmen von Google Analytics von Ihrem Browser \u00fcbermittelte IP-Adresse wird nicht mit anderen Daten von Google zusammengef\u00fchrt. Browser Plugin Sie k\u00f6nnen die Speicherung der Cookies durch eine entsprechende Einstellung Ihrer BrowserSoftware verhindern; wir weisen Sie jedoch darauf hin, dass Sie in diesem Fall gegebenenfalls nicht s\u00e4mtliche Funktionen dieser Website vollumf\u00e4nglich werden nutzen k\u00f6nnen. Sie k\u00f6nnen dar\u00fcber hinaus die Erfassung der durch den Cookie erzeugten und auf Ihre Nutzung der Website bezogenen Daten (inkl. Ihrer IP-Adresse) an Google sowie die Verarbeitung dieser Daten durch Google verhindern, indem Sie das unter dem folgenden Link verf\u00fcgbare Browser-Plugin herunterladen und installieren: https:\/\/tools.google.com\/dlpage\/gaoptout?hl=de Widerspruch gegen Datenerfassung Sie k\u00f6nnen die Erfassung Ihrer Daten durch Google Analytics verhindern, indem Sie auf folgenden Link klicken. Es wird ein Opt-Out-Cookie gesetzt, der die Erfassung Ihrer Daten bei zuk\u00fcnftigen Besuchen dieser Website verhindert: Google Analytics deaktivieren Mehr Informationen zum Umgang mit Nutzerdaten bei Google Analytics finden Sie in der Datenschutzerkl\u00e4rung von Google: https:\/\/support.google.com\/analytics\/answer\/6004245?hl=de Auftragsdatenverarbeitung Wir haben mit Google einen Vertrag zur Auftragsdatenverarbeitung abgeschlossen und setzen die strengen Vorgaben der deutschen Datenschutzbeh\u00f6rden bei der Nutzung von Google Analytics vollst\u00e4ndig um.<\/p>\n\n\n\n<p>8. Newsletter<br>Um den auf unserer Webseite angebotenen Newsletter zu beziehen, k\u00f6nnen Sie sich \u00fcber unser Formular anmelden. Dabei nutzen wir das sogenannte Double-Opt-In Verfahren. Hier wird zun\u00e4chst eine Best\u00e4tigungsmail an Ihre angegebene E-Mail Adresse gesendet, mit der Bitte um Best\u00e4tigung. Die Anmeldung wird erst wirksam, wenn Sie den in der Best\u00e4tigungsmail enthaltenen Aktivierungslink anklicken. Wir verwenden Ihre an uns \u00fcbertragenen Daten ausschlie\u00dflich f\u00fcr den Versand des Newsletters, der Informationen oder Angebot enthalten kann. Wir verwenden rapidmail, um unseren Newsletter zu versenden. Ihre Daten werden daher an die rapidmail GmbH \u00fcbermittelt. Dabei ist es der rapidmail GmbH untersagt, Ihre Daten f\u00fcr andere Zwecke als f\u00fcr den Versand des Newsletters zu nutzen. Eine Weitergabe oder ein Verkauf Ihrer Daten ist der rapidmail GmbH nicht gestattet. rapidmail ist ein deutscher, zertifizierter Newsletter Software Anbieter, welcher nach den Anforderungen der DSGVO und des BDSG sorgf\u00e4ltig ausgew\u00e4hlt wurde. Sie k\u00f6nnen Ihre Einwilligung zur Speicherung der Daten und deren Nutzung zum Newsletter-Versand jederzeit widerrufen, z.B. \u00fcber den Abmelde-Link im Newsletter.<\/p>\n\n\n\n<p>9. Social Plugins<br>Zum Schutz Ihrer personenbezogenen Daten verwenden wir auf unseren Webseiten bis auf weiteres keine Social Plugins von z.B. facebook oder twitter.<\/p>\n\n\n\n<p>10. Einbindung YouTube Videos<br>Unsere Website nutzt Plugins der von Google betriebenen Seite YouTube. Betreiber der Seiten ist die YouTube, LLC, 901 Cherry Ave., San Bruno, CA 94066, USA. Wenn Sie eine unserer mit einem YouTube-Plugin ausgestatteten Seiten besuchen, wird eine Verbindung zu den Servern von YouTube hergestellt. Dabei wird dem Youtube-Server mitgeteilt, welche unserer Seiten Sie besucht haben. Wenn Sie in Ihrem YouTube-Account eingeloggt sind erm\u00f6glichen Sie YouTube, Ihr Surfverhalten direkt Ihrem pers\u00f6nlichen Profil zuzuordnen. Dies k\u00f6nnen Sie verhindern, indem Sie sich aus Ihrem YouTube-Account ausloggen. Weitere Informationen zum Umgang von Nutzerdaten finden Sie in der Datenschutzerkl\u00e4rung von YouTube unter: https:\/\/www.google.de\/intl\/de\/policies\/privacy<\/p>\n\n\n\n<p>11. Kommentare und Bewertungen<br>Auf unseren Webseiten wurden die Kommentar- und Bewertungsfunktionen vorerst deaktiviert. Wir behalten uns vor, diese zu aktivieren, sobald die gesetzlichen Vorgaben der DSGVO eindeutig und rechtskonform umsetzbar sind.<\/p>\n\n\n\n<p>12. Links zu Webseiten anderer Anbieter<br>Unsere Website kann zur Informationserweiterung Links zu den Internetseiten anderer Anbieter enthalten, bei denen wir keinen Einfluss auf die Einhaltung der Datenschutz- und Sicherheitsbestimmungen haben. Unsere Datenschutzerkl\u00e4rung erstreckt sich daher ausdr\u00fccklich nicht auf diese Websites.<\/p>\n\n\n\n<p>13. SSL-Verschl\u00fcsselung<br>Diese Internetseiten nutzen aus Gr\u00fcnden der Sicherheit und zum Schutz der \u00dcbertragung vertraulicher Inhalte, wie zum Beispiel der Anfragen, die Sie an uns als Seitenbetreiber senden, eine SSL-Verschl\u00fcsselung. Eine verschl\u00fcsselte Verbindung erkennen Sie daran, dass die Adresszeile des Browsers von \u201chttp:\/\/\u201d auf \u201chttps:\/\/\u201d wechselt und an dem Schloss-Symbol in Ihrer Browserzeile Wenn die SSL Verschl\u00fcsselung aktiviert ist, k\u00f6nnen die Daten, die Sie an uns \u00fcbermitteln, nicht von Dritten mitgelesen werden.<\/p>\n\n\n\n<p>14. AdSpirit<br>Wir nutzen auf unseren Internetseiten AdSpirit, einen Dienst zum Einbinden von Werbeanzeigen. AdSpirit verwendet sog. \u201cCookies\u201d, Textdateien, die auf Ihrem Computer gespeichert werden und die eine Analyse der Benutzung der Website erm\u00f6glichen. Au\u00dferdem verwendet AdSpirit Z\u00e4hlpixel. Durch diese werden Informationen \u00fcber den Besucherverkehr auf den Websites aufgenommen und analysiert. Die durch Cookies und Z\u00e4hlpixel erzeugten Daten \u00fcber die Benutzung und Auslieferung von Werbeformaten werden an einen Server von AdSpirit \u00fcbertragen und gespeichert. Diese Informationen k\u00f6nnen an Vertragspartner weitergegeben werden, werden jedoch nicht mit Ihrer IPAdresse zusammengef\u00fchrt. Sie k\u00f6nnen das Setzen von Cookies in Ihrem Browser deaktivieren (siehe 6. Cookies). Dies kann jedoch die Funktionalit\u00e4t dieser Website einschr\u00e4nken.<\/p>\n\n\n\n<p>15. \u00c4nderung der Datenschutzbestimmungen<br>Da aufgrund der schnellen Entwicklung des Internets von Zeit zu Zeit eine Anpassung unserer Datenschutzerkl\u00e4rung n\u00f6tig ist, bitten wir Sie diesbez\u00fcglich die jeweils aktuelle Version unserer Datenschutzerkl\u00e4rung zu beachten. Sie finden Sie auf jeder der von uns verantworteten Internetseite unter dem Navigationspunkt \u201eDatenschutz\u201c.<\/p>\n\n\n\n<p>16. Unser Datenschutzbeauftragter<br>Wenn Sie Fragen hinsichtlich der Erhebung, Verarbeitung und Nutzung Ihrer personenbezogenen Daten haben, k\u00f6nnen Sie sich direkt an unseren externen Datenschutzbeauftragten wenden.<\/p>\n\n\n\n<p>Ein externer, unabh\u00e4ngiger Datenschutzbeauftragter wacht \u00fcber die Gesetzeskonformit\u00e4t:<\/p>\n\n\n\n<p>Kontaktdaten des Datenschutzbeauftragten:<br>PROLIANCE GmbH<br><a href=\"http:\/\/www.datenschutzexperte.de\/\" target=\"_blank\" rel=\"noreferrer noopener\">www.datenschutzexperte.de<\/a><br>Leopoldstr. 21<br>80802 M\u00fcnchen<br><a href=\"mailto:datenschutzbeauftragter@datenschutzexperte.de\">datenschutzbeauftragter@datenschutzexperte.de<\/a><br><br>Bitten nennen Sie bei der Kontaktaufnahme mit dem Datenschutzbeauftragten das Unternehmen, auf welches sich Ihre Anfrage bezieht. Bitte sehen Sie davon ab, Ihrer Anfrage sensible Informationen wie z. B. eine Ausweiskopie beizuf\u00fcgen.<\/p>\n","protected":false},"excerpt":{"rendered":"<p>Datenschutzerkl\u00e4rung Datenschutzerkl\u00e4rungStand: 14.05.2018 Der Betreiber dieser Webseiten, die B&amp;L MedienGesellschaft mbH &amp; Co. KG, misst dem Schutz Ihrer Privatsph\u00e4re als Nutzer unserer Angebote h\u00f6chste Bedeutung zu. Wir behandeln Ihre personenbezogenen [&hellip;]<\/p>\n","protected":false},"author":5,"featured_media":0,"parent":0,"menu_order":0,"comment_status":"closed","ping_status":"closed","template":"","meta":{"_acf_changed":false,"footnotes":"","_links_to":"","_links_to_target":""},"class_list":["post-710","page","type-page","status-publish","hentry"],"acf":[],"yoast_head":"<!-- This site is optimized with the Yoast SEO plugin v27.6 - https:\/\/yoast.com\/product\/yoast-seo-wordpress\/ -->\n<title>Datenschutzerkl\u00e4rung - exportnavigator.fleischnet.de<\/title>\n<meta name=\"robots\" content=\"noindex, follow, max-snippet:-1, max-image-preview:large, max-video-preview:-1\" \/>\n<meta property=\"og:locale\" content=\"de_DE\" \/>\n<meta property=\"og:type\" content=\"article\" \/>\n<meta property=\"og:title\" content=\"Datenschutzerkl\u00e4rung - exportnavigator.fleischnet.de\" \/>\n<meta property=\"og:description\" content=\"Datenschutzerkl\u00e4rung Datenschutzerkl\u00e4rungStand: 14.05.2018 Der Betreiber dieser Webseiten, die B&amp;L MedienGesellschaft mbH &amp; Co. KG, misst dem Schutz Ihrer Privatsph\u00e4re als Nutzer unserer Angebote h\u00f6chste Bedeutung zu. Wir behandeln Ihre personenbezogenen [&hellip;]\" \/>\n<meta property=\"og:url\" content=\"https:\/\/exportnavigator.fleischnet.de\/de\/datenschutzerklaerung\/\" \/>\n<meta property=\"og:site_name\" content=\"exportnavigator.fleischnet.de\" \/>\n<meta property=\"article:publisher\" content=\"https:\/\/www.facebook.com\/profile.php?id=61556339901555\" \/>\n<meta property=\"article:modified_time\" content=\"2024-01-27T10:27:17+00:00\" \/>\n<meta name=\"twitter:card\" content=\"summary_large_image\" \/>\n<meta name=\"twitter:label1\" content=\"Gesch\u00e4tzte Lesezeit\" \/>\n\t<meta name=\"twitter:data1\" content=\"10\u00a0Minuten\" \/>\n<script type=\"application\/ld+json\" class=\"yoast-schema-graph\">{\"@context\":\"https:\\\/\\\/schema.org\",\"@graph\":[{\"@type\":\"WebPage\",\"@id\":\"https:\\\/\\\/exportnavigator.fleischnet.de\\\/datenschutzerklaerung\",\"url\":\"https:\\\/\\\/exportnavigator.fleischnet.de\\\/datenschutzerklaerung\",\"name\":\"Datenschutzerkl\u00e4rung - exportnavigator.fleischnet.de\",\"isPartOf\":{\"@id\":\"https:\\\/\\\/exportnavigator.fleischnet.de\\\/#website\"},\"datePublished\":\"2024-01-27T10:15:27+00:00\",\"dateModified\":\"2024-01-27T10:27:17+00:00\",\"breadcrumb\":{\"@id\":\"https:\\\/\\\/exportnavigator.fleischnet.de\\\/datenschutzerklaerung#breadcrumb\"},\"inLanguage\":\"de\",\"potentialAction\":[{\"@type\":\"ReadAction\",\"target\":[\"https:\\\/\\\/exportnavigator.fleischnet.de\\\/datenschutzerklaerung\"]}]},{\"@type\":\"BreadcrumbList\",\"@id\":\"https:\\\/\\\/exportnavigator.fleischnet.de\\\/datenschutzerklaerung#breadcrumb\",\"itemListElement\":[{\"@type\":\"ListItem\",\"position\":1,\"name\":\"Startseite\",\"item\":\"https:\\\/\\\/exportnavigator.fleischnet.de\\\/\"},{\"@type\":\"ListItem\",\"position\":2,\"name\":\"Datenschutzerkl\u00e4rung\"}]},{\"@type\":\"WebSite\",\"@id\":\"https:\\\/\\\/exportnavigator.fleischnet.de\\\/#website\",\"url\":\"https:\\\/\\\/exportnavigator.fleischnet.de\\\/\",\"name\":\"blgastrotrends.de\",\"description\":\"\",\"publisher\":{\"@id\":\"https:\\\/\\\/exportnavigator.fleischnet.de\\\/#organization\"},\"potentialAction\":[{\"@type\":\"SearchAction\",\"target\":{\"@type\":\"EntryPoint\",\"urlTemplate\":\"https:\\\/\\\/exportnavigator.fleischnet.de\\\/?s={search_term_string}\"},\"query-input\":{\"@type\":\"PropertyValueSpecification\",\"valueRequired\":true,\"valueName\":\"search_term_string\"}}],\"inLanguage\":\"de\"},{\"@type\":\"Organization\",\"@id\":\"https:\\\/\\\/exportnavigator.fleischnet.de\\\/#organization\",\"name\":\"B&L MedienGesellschaft mbH & Co. KG\",\"url\":\"https:\\\/\\\/exportnavigator.fleischnet.de\\\/\",\"logo\":{\"@type\":\"ImageObject\",\"inLanguage\":\"de\",\"@id\":\"https:\\\/\\\/exportnavigator.fleischnet.de\\\/#\\\/schema\\\/logo\\\/image\\\/\",\"url\":\"https:\\\/\\\/exportnavigator.fleischnet.de\\\/wp-content\\\/uploads\\\/2023\\\/12\\\/exportnavigator_icon.png\",\"contentUrl\":\"https:\\\/\\\/exportnavigator.fleischnet.de\\\/wp-content\\\/uploads\\\/2023\\\/12\\\/exportnavigator_icon.png\",\"width\":500,\"height\":506,\"caption\":\"B&L MedienGesellschaft mbH & Co. KG\"},\"image\":{\"@id\":\"https:\\\/\\\/exportnavigator.fleischnet.de\\\/#\\\/schema\\\/logo\\\/image\\\/\"},\"sameAs\":[\"https:\\\/\\\/www.facebook.com\\\/profile.php?id=61556339901555\",\"https:\\\/\\\/www.instagram.com\\\/blgastrotrends.de\\\/\"]}]}<\/script>\n<!-- \/ Yoast SEO plugin. -->","yoast_head_json":{"title":"Datenschutzerkl\u00e4rung - exportnavigator.fleischnet.de","robots":{"index":"noindex","follow":"follow","max-snippet":"max-snippet:-1","max-image-preview":"max-image-preview:large","max-video-preview":"max-video-preview:-1"},"og_locale":"de_DE","og_type":"article","og_title":"Datenschutzerkl\u00e4rung - exportnavigator.fleischnet.de","og_description":"Datenschutzerkl\u00e4rung Datenschutzerkl\u00e4rungStand: 14.05.2018 Der Betreiber dieser Webseiten, die B&amp;L MedienGesellschaft mbH &amp; Co. KG, misst dem Schutz Ihrer Privatsph\u00e4re als Nutzer unserer Angebote h\u00f6chste Bedeutung zu. Wir behandeln Ihre personenbezogenen [&hellip;]","og_url":"https:\/\/exportnavigator.fleischnet.de\/de\/datenschutzerklaerung\/","og_site_name":"exportnavigator.fleischnet.de","article_publisher":"https:\/\/www.facebook.com\/profile.php?id=61556339901555","article_modified_time":"2024-01-27T10:27:17+00:00","twitter_card":"summary_large_image","twitter_misc":{"Gesch\u00e4tzte Lesezeit":"10\u00a0Minuten"},"schema":{"@context":"https:\/\/schema.org","@graph":[{"@type":"WebPage","@id":"https:\/\/exportnavigator.fleischnet.de\/datenschutzerklaerung","url":"https:\/\/exportnavigator.fleischnet.de\/datenschutzerklaerung","name":"Datenschutzerkl\u00e4rung - exportnavigator.fleischnet.de","isPartOf":{"@id":"https:\/\/exportnavigator.fleischnet.de\/#website"},"datePublished":"2024-01-27T10:15:27+00:00","dateModified":"2024-01-27T10:27:17+00:00","breadcrumb":{"@id":"https:\/\/exportnavigator.fleischnet.de\/datenschutzerklaerung#breadcrumb"},"inLanguage":"de","potentialAction":[{"@type":"ReadAction","target":["https:\/\/exportnavigator.fleischnet.de\/datenschutzerklaerung"]}]},{"@type":"BreadcrumbList","@id":"https:\/\/exportnavigator.fleischnet.de\/datenschutzerklaerung#breadcrumb","itemListElement":[{"@type":"ListItem","position":1,"name":"Startseite","item":"https:\/\/exportnavigator.fleischnet.de\/"},{"@type":"ListItem","position":2,"name":"Datenschutzerkl\u00e4rung"}]},{"@type":"WebSite","@id":"https:\/\/exportnavigator.fleischnet.de\/#website","url":"https:\/\/exportnavigator.fleischnet.de\/","name":"blgastrotrends.de","description":"","publisher":{"@id":"https:\/\/exportnavigator.fleischnet.de\/#organization"},"potentialAction":[{"@type":"SearchAction","target":{"@type":"EntryPoint","urlTemplate":"https:\/\/exportnavigator.fleischnet.de\/?s={search_term_string}"},"query-input":{"@type":"PropertyValueSpecification","valueRequired":true,"valueName":"search_term_string"}}],"inLanguage":"de"},{"@type":"Organization","@id":"https:\/\/exportnavigator.fleischnet.de\/#organization","name":"B&L MedienGesellschaft mbH & Co. KG","url":"https:\/\/exportnavigator.fleischnet.de\/","logo":{"@type":"ImageObject","inLanguage":"de","@id":"https:\/\/exportnavigator.fleischnet.de\/#\/schema\/logo\/image\/","url":"https:\/\/exportnavigator.fleischnet.de\/wp-content\/uploads\/2023\/12\/exportnavigator_icon.png","contentUrl":"https:\/\/exportnavigator.fleischnet.de\/wp-content\/uploads\/2023\/12\/exportnavigator_icon.png","width":500,"height":506,"caption":"B&L MedienGesellschaft mbH & Co. KG"},"image":{"@id":"https:\/\/exportnavigator.fleischnet.de\/#\/schema\/logo\/image\/"},"sameAs":["https:\/\/www.facebook.com\/profile.php?id=61556339901555","https:\/\/www.instagram.com\/blgastrotrends.de\/"]}]}},"_links":{"self":[{"href":"https:\/\/exportnavigator.fleischnet.de\/de\/wp-json\/wp\/v2\/pages\/710","targetHints":{"allow":["GET"]}}],"collection":[{"href":"https:\/\/exportnavigator.fleischnet.de\/de\/wp-json\/wp\/v2\/pages"}],"about":[{"href":"https:\/\/exportnavigator.fleischnet.de\/de\/wp-json\/wp\/v2\/types\/page"}],"author":[{"embeddable":true,"href":"https:\/\/exportnavigator.fleischnet.de\/de\/wp-json\/wp\/v2\/users\/5"}],"replies":[{"embeddable":true,"href":"https:\/\/exportnavigator.fleischnet.de\/de\/wp-json\/wp\/v2\/comments?post=710"}],"version-history":[{"count":2,"href":"https:\/\/exportnavigator.fleischnet.de\/de\/wp-json\/wp\/v2\/pages\/710\/revisions"}],"predecessor-version":[{"id":731,"href":"https:\/\/exportnavigator.fleischnet.de\/de\/wp-json\/wp\/v2\/pages\/710\/revisions\/731"}],"wp:attachment":[{"href":"https:\/\/exportnavigator.fleischnet.de\/de\/wp-json\/wp\/v2\/media?parent=710"}],"curies":[{"name":"wp","href":"https:\/\/api.w.org\/{rel}","templated":true}]}}