{"id":709,"date":"2024-01-27T11:15:16","date_gmt":"2024-01-27T10:15:16","guid":{"rendered":"https:\/\/blgastrotrends.de\/?page_id=709"},"modified":"2024-01-27T11:26:36","modified_gmt":"2024-01-27T10:26:36","slug":"widerrufsbelehrung","status":"publish","type":"page","link":"https:\/\/exportnavigator.fleischnet.de\/en\/widerrufsbelehrung","title":{"rendered":"Cancellation policy"},"content":{"rendered":"<h2 class=\"wp-block-heading\">Cancellation policy<\/h2>\n\n\n\n<p><strong>Right of withdrawal for end consumers<\/strong><\/p>\n\n\n\n<p>An end consumer within the meaning of Section 13 BGB can only be a natural person. The legal transaction may not be attributed to a commercial or independent professional activity. Legal entities or entrepreneurs pursuant to Section 14 (1) BGB are not end consumers.<\/p>\n\n\n\n<p>You have the right to withdraw from this contract within fourteen days without giving any reason.<\/p>\n\n\n\n<p>The withdrawal period is fourteen days from the day on which you or a third party named by you, who is not the carrier, took possession of the goods.<\/p>\n\n\n\n<p>To exercise your right of withdrawal, you must inform us (B&amp;L MedienGesellschaft mbH &amp; Co. KG, Max-Volmer-Stra\u00dfe 28, 40724 Hilden, Tel.: 02103\/204-0, Fax: 02103\/204-204, E-Mail: info@blmedien.de) of your decision to withdraw from this contract by an unequivocal statement (e.g. a letter sent by post, fax or e-mail).<\/p>\n\n\n\n<p>To meet the withdrawal deadline, it is sufficient for you to send your notification of exercising your right of withdrawal before the withdrawal period has expired.<\/p>\n\n\n\n<p><strong>Consequences of revocation<\/strong><\/p>\n\n\n\n<p>If you withdraw from this contract, we shall reimburse to you all payments received from you, including the costs of delivery (with the exception of the supplementary costs resulting from your choice of a type of delivery other than the least expensive type of standard delivery offered by us), without undue delay and in any event not later than 14 days from the day on which we are informed about your decision to withdraw from this contract. For this repayment, we will use the same means of payment that you used for the original transaction, unless expressly agreed otherwise with you; under no circumstances will you be charged any fees for this repayment. We may withhold the refund until we have received the goods back or until you have provided proof that you have returned the goods, whichever is the earliest.<\/p>\n\n\n\n<p>You must return or hand over the goods to us immediately and in any case within fourteen days at the latest from the day on which you inform us of the revocation of this contract. The deadline is met if you send the goods before the period of fourteen days has expired. You shall bear the direct costs of returning the goods. You only have to pay for any loss in value of the goods if this loss in value is due to handling of the goods that is not necessary for checking their condition, properties and functionality.<\/p>\n\n\n\n<p><strong>Please use our withdrawal form:<\/strong><\/p>\n\n\n\n<p><a href=\"https:\/\/blmedien.de\/wp-content\/uploads\/2022\/10\/Widerrufsrechtformular_BLMedienGesellschaft.pdf\">Download withdrawal form (PDF)<\/a><\/p>","protected":false},"excerpt":{"rendered":"<p>Widerrufsbelehrung Widerrufsrecht f\u00fcr Endverbraucher Ein Endverbraucher im Sinne des \u00a7 13 BGB kann nur eine nat\u00fcrliche Person sein. Das Rechtsgesch\u00e4ft darf weder einer gewerblichen noch einer selbstst\u00e4ndigen beruflichen T\u00e4tigkeit zugerechnet [&hellip;]<\/p>","protected":false},"author":5,"featured_media":0,"parent":0,"menu_order":0,"comment_status":"closed","ping_status":"closed","template":"","meta":{"_acf_changed":false,"footnotes":"","_links_to":"","_links_to_target":""},"class_list":["post-709","page","type-page","status-publish","hentry"],"acf":[],"yoast_head":"<!-- This site is optimized with the Yoast SEO plugin v27.6 - https:\/\/yoast.com\/product\/yoast-seo-wordpress\/ -->\n<title>Widerrufsbelehrung - exportnavigator.fleischnet.de<\/title>\n<meta name=\"robots\" content=\"noindex, follow, max-snippet:-1, max-image-preview:large, max-video-preview:-1\" \/>\n<meta property=\"og:locale\" content=\"en_US\" \/>\n<meta property=\"og:type\" content=\"article\" \/>\n<meta property=\"og:title\" content=\"Widerrufsbelehrung - exportnavigator.fleischnet.de\" \/>\n<meta property=\"og:description\" content=\"Widerrufsbelehrung Widerrufsrecht f\u00fcr Endverbraucher Ein Endverbraucher im Sinne des \u00a7 13 BGB kann nur eine nat\u00fcrliche Person sein. Das Rechtsgesch\u00e4ft darf weder einer gewerblichen noch einer selbstst\u00e4ndigen beruflichen T\u00e4tigkeit zugerechnet [&hellip;]\" \/>\n<meta property=\"og:url\" content=\"https:\/\/exportnavigator.fleischnet.de\/en\/widerrufsbelehrung\/\" \/>\n<meta property=\"og:site_name\" content=\"exportnavigator.fleischnet.de\" \/>\n<meta property=\"article:publisher\" content=\"https:\/\/www.facebook.com\/profile.php?id=61556339901555\" \/>\n<meta property=\"article:modified_time\" content=\"2024-01-27T10:26:36+00:00\" \/>\n<meta name=\"twitter:card\" content=\"summary_large_image\" \/>\n<meta name=\"twitter:label1\" content=\"Est. reading time\" \/>\n\t<meta name=\"twitter:data1\" content=\"2 minutes\" \/>\n<script type=\"application\/ld+json\" class=\"yoast-schema-graph\">{\"@context\":\"https:\\\/\\\/schema.org\",\"@graph\":[{\"@type\":\"WebPage\",\"@id\":\"https:\\\/\\\/exportnavigator.fleischnet.de\\\/widerrufsbelehrung\",\"url\":\"https:\\\/\\\/exportnavigator.fleischnet.de\\\/widerrufsbelehrung\",\"name\":\"Widerrufsbelehrung - exportnavigator.fleischnet.de\",\"isPartOf\":{\"@id\":\"https:\\\/\\\/exportnavigator.fleischnet.de\\\/#website\"},\"datePublished\":\"2024-01-27T10:15:16+00:00\",\"dateModified\":\"2024-01-27T10:26:36+00:00\",\"breadcrumb\":{\"@id\":\"https:\\\/\\\/exportnavigator.fleischnet.de\\\/widerrufsbelehrung#breadcrumb\"},\"inLanguage\":\"en-US\",\"potentialAction\":[{\"@type\":\"ReadAction\",\"target\":[\"https:\\\/\\\/exportnavigator.fleischnet.de\\\/widerrufsbelehrung\"]}]},{\"@type\":\"BreadcrumbList\",\"@id\":\"https:\\\/\\\/exportnavigator.fleischnet.de\\\/widerrufsbelehrung#breadcrumb\",\"itemListElement\":[{\"@type\":\"ListItem\",\"position\":1,\"name\":\"Startseite\",\"item\":\"https:\\\/\\\/exportnavigator.fleischnet.de\\\/\"},{\"@type\":\"ListItem\",\"position\":2,\"name\":\"Widerrufsbelehrung\"}]},{\"@type\":\"WebSite\",\"@id\":\"https:\\\/\\\/exportnavigator.fleischnet.de\\\/#website\",\"url\":\"https:\\\/\\\/exportnavigator.fleischnet.de\\\/\",\"name\":\"blgastrotrends.de\",\"description\":\"\",\"publisher\":{\"@id\":\"https:\\\/\\\/exportnavigator.fleischnet.de\\\/#organization\"},\"potentialAction\":[{\"@type\":\"SearchAction\",\"target\":{\"@type\":\"EntryPoint\",\"urlTemplate\":\"https:\\\/\\\/exportnavigator.fleischnet.de\\\/?s={search_term_string}\"},\"query-input\":{\"@type\":\"PropertyValueSpecification\",\"valueRequired\":true,\"valueName\":\"search_term_string\"}}],\"inLanguage\":\"en-US\"},{\"@type\":\"Organization\",\"@id\":\"https:\\\/\\\/exportnavigator.fleischnet.de\\\/#organization\",\"name\":\"B&L MedienGesellschaft mbH & Co. KG\",\"url\":\"https:\\\/\\\/exportnavigator.fleischnet.de\\\/\",\"logo\":{\"@type\":\"ImageObject\",\"inLanguage\":\"en-US\",\"@id\":\"https:\\\/\\\/exportnavigator.fleischnet.de\\\/#\\\/schema\\\/logo\\\/image\\\/\",\"url\":\"https:\\\/\\\/exportnavigator.fleischnet.de\\\/wp-content\\\/uploads\\\/2023\\\/12\\\/exportnavigator_icon.png\",\"contentUrl\":\"https:\\\/\\\/exportnavigator.fleischnet.de\\\/wp-content\\\/uploads\\\/2023\\\/12\\\/exportnavigator_icon.png\",\"width\":500,\"height\":506,\"caption\":\"B&L MedienGesellschaft mbH & Co. KG\"},\"image\":{\"@id\":\"https:\\\/\\\/exportnavigator.fleischnet.de\\\/#\\\/schema\\\/logo\\\/image\\\/\"},\"sameAs\":[\"https:\\\/\\\/www.facebook.com\\\/profile.php?id=61556339901555\",\"https:\\\/\\\/www.instagram.com\\\/blgastrotrends.de\\\/\"]}]}<\/script>\n<!-- \/ Yoast SEO plugin. -->","yoast_head_json":{"title":"Widerrufsbelehrung - exportnavigator.fleischnet.de","robots":{"index":"noindex","follow":"follow","max-snippet":"max-snippet:-1","max-image-preview":"max-image-preview:large","max-video-preview":"max-video-preview:-1"},"og_locale":"en_US","og_type":"article","og_title":"Widerrufsbelehrung - exportnavigator.fleischnet.de","og_description":"Widerrufsbelehrung Widerrufsrecht f\u00fcr Endverbraucher Ein Endverbraucher im Sinne des \u00a7 13 BGB kann nur eine nat\u00fcrliche Person sein. Das Rechtsgesch\u00e4ft darf weder einer gewerblichen noch einer selbstst\u00e4ndigen beruflichen T\u00e4tigkeit zugerechnet [&hellip;]","og_url":"https:\/\/exportnavigator.fleischnet.de\/en\/widerrufsbelehrung\/","og_site_name":"exportnavigator.fleischnet.de","article_publisher":"https:\/\/www.facebook.com\/profile.php?id=61556339901555","article_modified_time":"2024-01-27T10:26:36+00:00","twitter_card":"summary_large_image","twitter_misc":{"Est. reading time":"2 minutes"},"schema":{"@context":"https:\/\/schema.org","@graph":[{"@type":"WebPage","@id":"https:\/\/exportnavigator.fleischnet.de\/widerrufsbelehrung","url":"https:\/\/exportnavigator.fleischnet.de\/widerrufsbelehrung","name":"Widerrufsbelehrung - exportnavigator.fleischnet.de","isPartOf":{"@id":"https:\/\/exportnavigator.fleischnet.de\/#website"},"datePublished":"2024-01-27T10:15:16+00:00","dateModified":"2024-01-27T10:26:36+00:00","breadcrumb":{"@id":"https:\/\/exportnavigator.fleischnet.de\/widerrufsbelehrung#breadcrumb"},"inLanguage":"en-US","potentialAction":[{"@type":"ReadAction","target":["https:\/\/exportnavigator.fleischnet.de\/widerrufsbelehrung"]}]},{"@type":"BreadcrumbList","@id":"https:\/\/exportnavigator.fleischnet.de\/widerrufsbelehrung#breadcrumb","itemListElement":[{"@type":"ListItem","position":1,"name":"Startseite","item":"https:\/\/exportnavigator.fleischnet.de\/"},{"@type":"ListItem","position":2,"name":"Widerrufsbelehrung"}]},{"@type":"WebSite","@id":"https:\/\/exportnavigator.fleischnet.de\/#website","url":"https:\/\/exportnavigator.fleischnet.de\/","name":"blgastrotrends.de","description":"","publisher":{"@id":"https:\/\/exportnavigator.fleischnet.de\/#organization"},"potentialAction":[{"@type":"SearchAction","target":{"@type":"EntryPoint","urlTemplate":"https:\/\/exportnavigator.fleischnet.de\/?s={search_term_string}"},"query-input":{"@type":"PropertyValueSpecification","valueRequired":true,"valueName":"search_term_string"}}],"inLanguage":"en-US"},{"@type":"Organization","@id":"https:\/\/exportnavigator.fleischnet.de\/#organization","name":"B&L MedienGesellschaft mbH & Co. KG","url":"https:\/\/exportnavigator.fleischnet.de\/","logo":{"@type":"ImageObject","inLanguage":"en-US","@id":"https:\/\/exportnavigator.fleischnet.de\/#\/schema\/logo\/image\/","url":"https:\/\/exportnavigator.fleischnet.de\/wp-content\/uploads\/2023\/12\/exportnavigator_icon.png","contentUrl":"https:\/\/exportnavigator.fleischnet.de\/wp-content\/uploads\/2023\/12\/exportnavigator_icon.png","width":500,"height":506,"caption":"B&L MedienGesellschaft mbH & Co. KG"},"image":{"@id":"https:\/\/exportnavigator.fleischnet.de\/#\/schema\/logo\/image\/"},"sameAs":["https:\/\/www.facebook.com\/profile.php?id=61556339901555","https:\/\/www.instagram.com\/blgastrotrends.de\/"]}]}},"_links":{"self":[{"href":"https:\/\/exportnavigator.fleischnet.de\/en\/wp-json\/wp\/v2\/pages\/709","targetHints":{"allow":["GET"]}}],"collection":[{"href":"https:\/\/exportnavigator.fleischnet.de\/en\/wp-json\/wp\/v2\/pages"}],"about":[{"href":"https:\/\/exportnavigator.fleischnet.de\/en\/wp-json\/wp\/v2\/types\/page"}],"author":[{"embeddable":true,"href":"https:\/\/exportnavigator.fleischnet.de\/en\/wp-json\/wp\/v2\/users\/5"}],"replies":[{"embeddable":true,"href":"https:\/\/exportnavigator.fleischnet.de\/en\/wp-json\/wp\/v2\/comments?post=709"}],"version-history":[{"count":2,"href":"https:\/\/exportnavigator.fleischnet.de\/en\/wp-json\/wp\/v2\/pages\/709\/revisions"}],"predecessor-version":[{"id":730,"href":"https:\/\/exportnavigator.fleischnet.de\/en\/wp-json\/wp\/v2\/pages\/709\/revisions\/730"}],"wp:attachment":[{"href":"https:\/\/exportnavigator.fleischnet.de\/en\/wp-json\/wp\/v2\/media?parent=709"}],"curies":[{"name":"wp","href":"https:\/\/api.w.org\/{rel}","templated":true}]}}