{"id":849,"date":"2024-02-15T20:19:04","date_gmt":"2024-02-15T19:19:04","guid":{"rendered":"https:\/\/blgastrotrends.de\/?page_id=849"},"modified":"2025-05-02T23:07:03","modified_gmt":"2025-05-02T21:07:03","slug":"ueber-uns","status":"publish","type":"page","link":"https:\/\/exportnavigator.fleischnet.de\/en\/ueber-uns","title":{"rendered":"About us"},"content":{"rendered":"<div data-elementor-type=\"wp-page\" data-elementor-id=\"849\" class=\"elementor elementor-849\" data-elementor-post-type=\"page\">\n\t\t\t\t\t\t<section class=\"elementor-section elementor-top-section elementor-element elementor-element-9114edf elementor-section-boxed elementor-section-height-default elementor-section-height-default\" data-id=\"9114edf\" data-element_type=\"section\" data-e-type=\"section\">\n\t\t\t\t\t\t<div class=\"elementor-container elementor-column-gap-default\">\n\t\t\t\t\t<div class=\"elementor-column elementor-col-100 elementor-top-column elementor-element elementor-element-b02d727\" data-id=\"b02d727\" data-element_type=\"column\" data-e-type=\"column\" data-settings=\"{&quot;background_background&quot;:&quot;classic&quot;}\">\n\t\t\t<div class=\"elementor-widget-wrap elementor-element-populated\">\n\t\t\t\t\t\t<section class=\"elementor-section elementor-inner-section elementor-element elementor-element-92dd716 elementor-section-boxed elementor-section-height-default elementor-section-height-default\" data-id=\"92dd716\" data-element_type=\"section\" data-e-type=\"section\">\n\t\t\t\t\t\t<div class=\"elementor-container elementor-column-gap-default\">\n\t\t\t\t\t<div class=\"elementor-column elementor-col-50 elementor-inner-column elementor-element elementor-element-472d3ac\" data-id=\"472d3ac\" data-element_type=\"column\" data-e-type=\"column\">\n\t\t\t<div class=\"elementor-widget-wrap elementor-element-populated\">\n\t\t\t\t\t\t<div class=\"elementor-element elementor-element-075a01a elementor-widget elementor-widget-heading\" data-id=\"075a01a\" data-element_type=\"widget\" data-e-type=\"widget\" data-widget_type=\"heading.default\">\n\t\t\t\t<div class=\"elementor-widget-container\">\n\t\t\t\t\t<h4 class=\"elementor-heading-title elementor-size-default\">About us<\/h4>\t\t\t\t<\/div>\n\t\t\t\t<\/div>\n\t\t\t\t<div class=\"elementor-element elementor-element-538f862 elementor-widget-divider--view-line elementor-widget elementor-widget-divider\" data-id=\"538f862\" data-element_type=\"widget\" data-e-type=\"widget\" data-widget_type=\"divider.default\">\n\t\t\t\t<div class=\"elementor-widget-container\">\n\t\t\t\t\t\t\t<div class=\"elementor-divider\">\n\t\t\t<span class=\"elementor-divider-separator\">\n\t\t\t\t\t\t<\/span>\n\t\t<\/div>\n\t\t\t\t\t\t<\/div>\n\t\t\t\t<\/div>\n\t\t\t\t<div class=\"elementor-element elementor-element-93321f8 elementor-widget elementor-widget-text-editor\" data-id=\"93321f8\" data-element_type=\"widget\" data-e-type=\"widget\" data-widget_type=\"text-editor.default\">\n\t\t\t\t<div class=\"elementor-widget-container\">\n\t\t\t\t\t\t\t\t\t<p><strong>Your compass for German engineering on a global course<\/strong><\/p><p>In a world where technological excellence makes the difference between growth and stagnation, it goes without saying that <em>exportnavigator.com<\/em> as a bridge between German mechanical engineering companies and international decision-makers. Our mission: to pave the way for innovations \"Made in Germany\" in the global markets - efficiently, transparently and in partnership.<\/p><p><strong>The ExportNavigator<\/strong> brings suppliers and users together. We connect German manufacturers of high-quality machines and systems with companies worldwide that rely on reliable technology, sustainable solutions and high-performance systems. Whether food processing or packaging, we accompany German technologies to where they are needed.<\/p><p>Our platform offers more than just visibility. We provide context, market understanding and concrete points of contact. With practical insights, case studies, market profiles and a targeted matching approach, we not only support sales, but also the understanding of local requirements and opportunities.<\/p><p>Behind <strong>ExportNavigator<\/strong>\u00a0is a team of technology, export and communication experts who speak the language of the industry - in Germany and in the target market. We know that International success is no coincidence, but the result of trust, cultural competence and tailor-made solutions.<\/p><p><strong>If you want to bring German workmanship to the world, you need a clear course.<\/strong><\/p>\t\t\t\t\t\t\t\t<\/div>\n\t\t\t\t<\/div>\n\t\t\t\t\t<\/div>\n\t\t<\/div>\n\t\t\t\t<div class=\"elementor-column elementor-col-50 elementor-inner-column elementor-element elementor-element-108da1a\" data-id=\"108da1a\" data-element_type=\"column\" data-e-type=\"column\">\n\t\t\t<div class=\"elementor-widget-wrap elementor-element-populated\">\n\t\t\t\t\t\t<div class=\"elementor-element elementor-element-6d5d9f0 elementor-widget elementor-widget-heading\" data-id=\"6d5d9f0\" data-element_type=\"widget\" data-e-type=\"widget\" data-widget_type=\"heading.default\">\n\t\t\t\t<div class=\"elementor-widget-container\">\n\t\t\t\t\t<h4 class=\"elementor-heading-title elementor-size-default\">Contact us<\/h4>\t\t\t\t<\/div>\n\t\t\t\t<\/div>\n\t\t\t\t<div class=\"elementor-element elementor-element-ead4e0d elementor-widget-divider--view-line elementor-widget elementor-widget-divider\" data-id=\"ead4e0d\" data-element_type=\"widget\" data-e-type=\"widget\" data-widget_type=\"divider.default\">\n\t\t\t\t<div class=\"elementor-widget-container\">\n\t\t\t\t\t\t\t<div class=\"elementor-divider\">\n\t\t\t<span class=\"elementor-divider-separator\">\n\t\t\t\t\t\t<\/span>\n\t\t<\/div>\n\t\t\t\t\t\t<\/div>\n\t\t\t\t<\/div>\n\t\t\t\t<div class=\"elementor-element elementor-element-e2720b0 dce_masking-none elementor-widget elementor-widget-image\" data-id=\"e2720b0\" data-element_type=\"widget\" data-e-type=\"widget\" data-widget_type=\"image.default\">\n\t\t\t\t<div class=\"elementor-widget-container\">\n\t\t\t\t\t\t\t\t\t\t\t\t\t\t\t<img fetchpriority=\"high\" decoding=\"async\" width=\"800\" height=\"800\" src=\"https:\/\/exportnavigator.fleischnet.de\/wp-content\/uploads\/2024\/02\/sebastian.jpg\" class=\"attachment-large size-large wp-image-859\" alt=\"\" srcset=\"https:\/\/exportnavigator.fleischnet.de\/wp-content\/uploads\/2024\/02\/sebastian.jpg 1000w, https:\/\/exportnavigator.fleischnet.de\/wp-content\/uploads\/2024\/02\/sebastian-300x300.jpg 300w, https:\/\/exportnavigator.fleischnet.de\/wp-content\/uploads\/2024\/02\/sebastian-150x150.jpg 150w, https:\/\/exportnavigator.fleischnet.de\/wp-content\/uploads\/2024\/02\/sebastian-768x768.jpg 768w, https:\/\/exportnavigator.fleischnet.de\/wp-content\/uploads\/2024\/02\/sebastian-700x700.jpg 700w\" sizes=\"(max-width: 800px) 100vw, 800px\" \/>\t\t\t\t\t\t\t\t\t\t\t\t\t\t\t<\/div>\n\t\t\t\t<\/div>\n\t\t\t\t<div class=\"elementor-element elementor-element-cc3af8e elementor-widget elementor-widget-text-editor\" data-id=\"cc3af8e\" data-element_type=\"widget\" data-e-type=\"widget\" data-widget_type=\"text-editor.default\">\n\t\t\t\t<div class=\"elementor-widget-container\">\n\t\t\t\t\t\t\t\t\t<p><strong>Sebastian Lindner<br \/><\/strong><span data-contrast=\"auto\">Project manager<\/span><span data-ccp-props=\"{&quot;134245417&quot;:false}\">\u00a0<br \/><\/span><a href=\"tel:+4908937060215\"><span data-contrast=\"auto\">Tel. (089) 370 60-215<\/span><\/a><span data-ccp-props=\"{&quot;134245417&quot;:false}\">\u00a0<br \/><\/span><a href=\"mailto:s.lindner@blmedien.de\"><span data-contrast=\"auto\">s.lindner@blmedien.de<\/span><span data-ccp-props=\"{&quot;134245417&quot;:false}\">\u00a0<\/span><\/a><\/p>\t\t\t\t\t\t\t\t<\/div>\n\t\t\t\t<\/div>\n\t\t\t\t\t<\/div>\n\t\t<\/div>\n\t\t\t\t\t<\/div>\n\t\t<\/section>\n\t\t\t\t\t<\/div>\n\t\t<\/div>\n\t\t\t\t\t<\/div>\n\t\t<\/section>\n\t\t\t\t<\/div>","protected":false},"excerpt":{"rendered":"<p>\u00dcber uns Ihr Kompass f\u00fcr deutsche Ingenieurskunst auf globalem Kurs In einer Welt, in der technologische Exzellenz den Unterschied zwischen Wachstum und Stillstand ausmacht, versteht sich exportnavigator.de als Br\u00fccke zwischen [&hellip;]<\/p>","protected":false},"author":5,"featured_media":0,"parent":0,"menu_order":0,"comment_status":"closed","ping_status":"closed","template":"","meta":{"_acf_changed":false,"footnotes":"","_links_to":"","_links_to_target":""},"class_list":["post-849","page","type-page","status-publish","hentry"],"acf":[],"yoast_head":"<!-- This site is optimized with the Yoast SEO plugin v27.6 - https:\/\/yoast.com\/product\/yoast-seo-wordpress\/ -->\n<title>\u00dcber uns - exportnavigator.fleischnet.de<\/title>\n<meta name=\"robots\" content=\"noindex, follow, max-snippet:-1, max-image-preview:large, max-video-preview:-1\" \/>\n<meta property=\"og:locale\" content=\"en_US\" \/>\n<meta property=\"og:type\" content=\"article\" \/>\n<meta property=\"og:title\" content=\"\u00dcber uns - exportnavigator.fleischnet.de\" \/>\n<meta property=\"og:description\" content=\"\u00dcber uns Ihr Kompass f\u00fcr deutsche Ingenieurskunst auf globalem Kurs In einer Welt, in der technologische Exzellenz den Unterschied zwischen Wachstum und Stillstand ausmacht, versteht sich exportnavigator.de als Br\u00fccke zwischen [&hellip;]\" \/>\n<meta property=\"og:url\" content=\"https:\/\/exportnavigator.fleischnet.de\/en\/ueber-uns\/\" \/>\n<meta property=\"og:site_name\" content=\"exportnavigator.fleischnet.de\" \/>\n<meta property=\"article:publisher\" content=\"https:\/\/www.facebook.com\/profile.php?id=61556339901555\" \/>\n<meta property=\"article:modified_time\" content=\"2025-05-02T21:07:03+00:00\" \/>\n<meta property=\"og:image\" content=\"https:\/\/exportnavigator.fleischnet.de\/wp-content\/uploads\/2024\/02\/sebastian.jpg\" \/>\n\t<meta property=\"og:image:width\" content=\"1000\" \/>\n\t<meta property=\"og:image:height\" content=\"1000\" \/>\n\t<meta property=\"og:image:type\" content=\"image\/jpeg\" \/>\n<meta name=\"twitter:card\" content=\"summary_large_image\" \/>\n<meta name=\"twitter:label1\" content=\"Est. reading time\" \/>\n\t<meta name=\"twitter:data1\" content=\"2 minutes\" \/>\n<script type=\"application\/ld+json\" class=\"yoast-schema-graph\">{\"@context\":\"https:\\\/\\\/schema.org\",\"@graph\":[{\"@type\":\"WebPage\",\"@id\":\"https:\\\/\\\/exportnavigator.fleischnet.de\\\/ueber-uns\",\"url\":\"https:\\\/\\\/exportnavigator.fleischnet.de\\\/ueber-uns\",\"name\":\"\u00dcber uns - exportnavigator.fleischnet.de\",\"isPartOf\":{\"@id\":\"https:\\\/\\\/exportnavigator.fleischnet.de\\\/#website\"},\"primaryImageOfPage\":{\"@id\":\"https:\\\/\\\/exportnavigator.fleischnet.de\\\/ueber-uns#primaryimage\"},\"image\":{\"@id\":\"https:\\\/\\\/exportnavigator.fleischnet.de\\\/ueber-uns#primaryimage\"},\"thumbnailUrl\":\"https:\\\/\\\/exportnavigator.fleischnet.de\\\/wp-content\\\/uploads\\\/2024\\\/02\\\/sebastian.jpg\",\"datePublished\":\"2024-02-15T19:19:04+00:00\",\"dateModified\":\"2025-05-02T21:07:03+00:00\",\"breadcrumb\":{\"@id\":\"https:\\\/\\\/exportnavigator.fleischnet.de\\\/ueber-uns#breadcrumb\"},\"inLanguage\":\"en-US\",\"potentialAction\":[{\"@type\":\"ReadAction\",\"target\":[\"https:\\\/\\\/exportnavigator.fleischnet.de\\\/ueber-uns\"]}]},{\"@type\":\"ImageObject\",\"inLanguage\":\"en-US\",\"@id\":\"https:\\\/\\\/exportnavigator.fleischnet.de\\\/ueber-uns#primaryimage\",\"url\":\"https:\\\/\\\/exportnavigator.fleischnet.de\\\/wp-content\\\/uploads\\\/2024\\\/02\\\/sebastian.jpg\",\"contentUrl\":\"https:\\\/\\\/exportnavigator.fleischnet.de\\\/wp-content\\\/uploads\\\/2024\\\/02\\\/sebastian.jpg\"},{\"@type\":\"BreadcrumbList\",\"@id\":\"https:\\\/\\\/exportnavigator.fleischnet.de\\\/ueber-uns#breadcrumb\",\"itemListElement\":[{\"@type\":\"ListItem\",\"position\":1,\"name\":\"Startseite\",\"item\":\"https:\\\/\\\/exportnavigator.fleischnet.de\\\/\"},{\"@type\":\"ListItem\",\"position\":2,\"name\":\"\u00dcber uns\"}]},{\"@type\":\"WebSite\",\"@id\":\"https:\\\/\\\/exportnavigator.fleischnet.de\\\/#website\",\"url\":\"https:\\\/\\\/exportnavigator.fleischnet.de\\\/\",\"name\":\"blgastrotrends.de\",\"description\":\"\",\"publisher\":{\"@id\":\"https:\\\/\\\/exportnavigator.fleischnet.de\\\/#organization\"},\"potentialAction\":[{\"@type\":\"SearchAction\",\"target\":{\"@type\":\"EntryPoint\",\"urlTemplate\":\"https:\\\/\\\/exportnavigator.fleischnet.de\\\/?s={search_term_string}\"},\"query-input\":{\"@type\":\"PropertyValueSpecification\",\"valueRequired\":true,\"valueName\":\"search_term_string\"}}],\"inLanguage\":\"en-US\"},{\"@type\":\"Organization\",\"@id\":\"https:\\\/\\\/exportnavigator.fleischnet.de\\\/#organization\",\"name\":\"B&L MedienGesellschaft mbH & Co. KG\",\"url\":\"https:\\\/\\\/exportnavigator.fleischnet.de\\\/\",\"logo\":{\"@type\":\"ImageObject\",\"inLanguage\":\"en-US\",\"@id\":\"https:\\\/\\\/exportnavigator.fleischnet.de\\\/#\\\/schema\\\/logo\\\/image\\\/\",\"url\":\"https:\\\/\\\/exportnavigator.fleischnet.de\\\/wp-content\\\/uploads\\\/2023\\\/12\\\/exportnavigator_icon.png\",\"contentUrl\":\"https:\\\/\\\/exportnavigator.fleischnet.de\\\/wp-content\\\/uploads\\\/2023\\\/12\\\/exportnavigator_icon.png\",\"width\":500,\"height\":506,\"caption\":\"B&L MedienGesellschaft mbH & Co. KG\"},\"image\":{\"@id\":\"https:\\\/\\\/exportnavigator.fleischnet.de\\\/#\\\/schema\\\/logo\\\/image\\\/\"},\"sameAs\":[\"https:\\\/\\\/www.facebook.com\\\/profile.php?id=61556339901555\",\"https:\\\/\\\/www.instagram.com\\\/blgastrotrends.de\\\/\"]}]}<\/script>\n<!-- \/ Yoast SEO plugin. -->","yoast_head_json":{"title":"\u00dcber uns - exportnavigator.fleischnet.de","robots":{"index":"noindex","follow":"follow","max-snippet":"max-snippet:-1","max-image-preview":"max-image-preview:large","max-video-preview":"max-video-preview:-1"},"og_locale":"en_US","og_type":"article","og_title":"\u00dcber uns - exportnavigator.fleischnet.de","og_description":"\u00dcber uns Ihr Kompass f\u00fcr deutsche Ingenieurskunst auf globalem Kurs In einer Welt, in der technologische Exzellenz den Unterschied zwischen Wachstum und Stillstand ausmacht, versteht sich exportnavigator.de als Br\u00fccke zwischen [&hellip;]","og_url":"https:\/\/exportnavigator.fleischnet.de\/en\/ueber-uns\/","og_site_name":"exportnavigator.fleischnet.de","article_publisher":"https:\/\/www.facebook.com\/profile.php?id=61556339901555","article_modified_time":"2025-05-02T21:07:03+00:00","og_image":[{"width":1000,"height":1000,"url":"https:\/\/exportnavigator.fleischnet.de\/wp-content\/uploads\/2024\/02\/sebastian.jpg","type":"image\/jpeg"}],"twitter_card":"summary_large_image","twitter_misc":{"Est. reading time":"2 minutes"},"schema":{"@context":"https:\/\/schema.org","@graph":[{"@type":"WebPage","@id":"https:\/\/exportnavigator.fleischnet.de\/ueber-uns","url":"https:\/\/exportnavigator.fleischnet.de\/ueber-uns","name":"\u00dcber uns - exportnavigator.fleischnet.de","isPartOf":{"@id":"https:\/\/exportnavigator.fleischnet.de\/#website"},"primaryImageOfPage":{"@id":"https:\/\/exportnavigator.fleischnet.de\/ueber-uns#primaryimage"},"image":{"@id":"https:\/\/exportnavigator.fleischnet.de\/ueber-uns#primaryimage"},"thumbnailUrl":"https:\/\/exportnavigator.fleischnet.de\/wp-content\/uploads\/2024\/02\/sebastian.jpg","datePublished":"2024-02-15T19:19:04+00:00","dateModified":"2025-05-02T21:07:03+00:00","breadcrumb":{"@id":"https:\/\/exportnavigator.fleischnet.de\/ueber-uns#breadcrumb"},"inLanguage":"en-US","potentialAction":[{"@type":"ReadAction","target":["https:\/\/exportnavigator.fleischnet.de\/ueber-uns"]}]},{"@type":"ImageObject","inLanguage":"en-US","@id":"https:\/\/exportnavigator.fleischnet.de\/ueber-uns#primaryimage","url":"https:\/\/exportnavigator.fleischnet.de\/wp-content\/uploads\/2024\/02\/sebastian.jpg","contentUrl":"https:\/\/exportnavigator.fleischnet.de\/wp-content\/uploads\/2024\/02\/sebastian.jpg"},{"@type":"BreadcrumbList","@id":"https:\/\/exportnavigator.fleischnet.de\/ueber-uns#breadcrumb","itemListElement":[{"@type":"ListItem","position":1,"name":"Startseite","item":"https:\/\/exportnavigator.fleischnet.de\/"},{"@type":"ListItem","position":2,"name":"\u00dcber uns"}]},{"@type":"WebSite","@id":"https:\/\/exportnavigator.fleischnet.de\/#website","url":"https:\/\/exportnavigator.fleischnet.de\/","name":"blgastrotrends.de","description":"","publisher":{"@id":"https:\/\/exportnavigator.fleischnet.de\/#organization"},"potentialAction":[{"@type":"SearchAction","target":{"@type":"EntryPoint","urlTemplate":"https:\/\/exportnavigator.fleischnet.de\/?s={search_term_string}"},"query-input":{"@type":"PropertyValueSpecification","valueRequired":true,"valueName":"search_term_string"}}],"inLanguage":"en-US"},{"@type":"Organization","@id":"https:\/\/exportnavigator.fleischnet.de\/#organization","name":"B&L MedienGesellschaft mbH & Co. KG","url":"https:\/\/exportnavigator.fleischnet.de\/","logo":{"@type":"ImageObject","inLanguage":"en-US","@id":"https:\/\/exportnavigator.fleischnet.de\/#\/schema\/logo\/image\/","url":"https:\/\/exportnavigator.fleischnet.de\/wp-content\/uploads\/2023\/12\/exportnavigator_icon.png","contentUrl":"https:\/\/exportnavigator.fleischnet.de\/wp-content\/uploads\/2023\/12\/exportnavigator_icon.png","width":500,"height":506,"caption":"B&L MedienGesellschaft mbH & Co. KG"},"image":{"@id":"https:\/\/exportnavigator.fleischnet.de\/#\/schema\/logo\/image\/"},"sameAs":["https:\/\/www.facebook.com\/profile.php?id=61556339901555","https:\/\/www.instagram.com\/blgastrotrends.de\/"]}]}},"_links":{"self":[{"href":"https:\/\/exportnavigator.fleischnet.de\/en\/wp-json\/wp\/v2\/pages\/849","targetHints":{"allow":["GET"]}}],"collection":[{"href":"https:\/\/exportnavigator.fleischnet.de\/en\/wp-json\/wp\/v2\/pages"}],"about":[{"href":"https:\/\/exportnavigator.fleischnet.de\/en\/wp-json\/wp\/v2\/types\/page"}],"author":[{"embeddable":true,"href":"https:\/\/exportnavigator.fleischnet.de\/en\/wp-json\/wp\/v2\/users\/5"}],"replies":[{"embeddable":true,"href":"https:\/\/exportnavigator.fleischnet.de\/en\/wp-json\/wp\/v2\/comments?post=849"}],"version-history":[{"count":20,"href":"https:\/\/exportnavigator.fleischnet.de\/en\/wp-json\/wp\/v2\/pages\/849\/revisions"}],"predecessor-version":[{"id":1832,"href":"https:\/\/exportnavigator.fleischnet.de\/en\/wp-json\/wp\/v2\/pages\/849\/revisions\/1832"}],"wp:attachment":[{"href":"https:\/\/exportnavigator.fleischnet.de\/en\/wp-json\/wp\/v2\/media?parent=849"}],"curies":[{"name":"wp","href":"https:\/\/api.w.org\/{rel}","templated":true}]}}