{"id":269,"date":"2023-12-19T15:23:59","date_gmt":"2023-12-19T14:23:59","guid":{"rendered":"https:\/\/mhh-intern.de\/?page_id=269"},"modified":"2024-02-22T12:02:18","modified_gmt":"2024-02-22T11:02:18","slug":"magazin","status":"publish","type":"page","link":"https:\/\/exportnavigator.fleischnet.de\/es\/magazin","title":{"rendered":"Revista"},"content":{"rendered":"<div data-elementor-type=\"wp-page\" data-elementor-id=\"269\" class=\"elementor elementor-269\" data-elementor-post-type=\"page\">\n\t\t\t\t<div class=\"elementor-element elementor-element-69fac85 e-flex e-con-boxed e-con e-parent\" data-id=\"69fac85\" data-element_type=\"container\" data-e-type=\"container\">\n\t\t\t\t\t<div class=\"e-con-inner\">\n\t\t<div class=\"elementor-element elementor-element-16bf8a9 e-con-full e-flex e-con e-child\" data-id=\"16bf8a9\" data-element_type=\"container\" data-e-type=\"container\" data-settings=\"{&quot;background_background&quot;:&quot;classic&quot;}\">\n\t\t<div class=\"elementor-element elementor-element-9274c45 e-con-full e-flex e-con e-child\" data-id=\"9274c45\" data-element_type=\"container\" data-e-type=\"container\">\n\t\t\t\t<div class=\"elementor-element elementor-element-6e2f5be dce-posts-layout-template dce-col-3 dce-col-tablet-3 dce-col-mobile-1 elementor-widget elementor-widget-dce-dynamicposts-v2\" data-id=\"6e2f5be\" data-element_type=\"widget\" data-e-type=\"widget\" data-settings=\"{&quot;style_items&quot;:&quot;template&quot;,&quot;templatemode_linkable&quot;:&quot;yes&quot;,&quot;infiniteScroll_enable&quot;:&quot;yes&quot;,&quot;grid_grid_type&quot;:&quot;flex&quot;,&quot;infiniteScroll_trigger&quot;:&quot;scroll&quot;}\" data-widget_type=\"dce-dynamicposts-v2.grid\">\n\t\t\t\t<div class=\"elementor-widget-container\">\n\t\t\t\t\t\n\t\t<div class=\"dce-fix-background-loop dce-posts-container dce-posts dce-dynamic-posts-collection  dce-skin-grid dce-skin-grid-flex\">\n\t\t\t\t\t\t<div class=\"dce-posts-wrapper dce-wrapper-grid\">\n\t\t\t\n\t\t<article class=\"post-1805 post type-post status-publish format-standard has-post-thumbnail hentry category-uncategorized dce-post dce-post-item dce-item-grid\" data-dce-post-id=\"1805\" data-dce-post-index=\"0\" data-post-link=\"https:\/\/exportnavigator.fleischnet.de\/es\/deutsche-maschinenbauer-beliefern-den-suedamerikanischen-protein-boom\">\n\t\t\t<div class=\"dce-post-block\">\n\t\t<style id=\"loop-262\">.elementor-262 .elementor-element.elementor-element-ed9f50c{--display:flex;--flex-direction:column;--container-widget-width:100%;--container-widget-height:initial;--container-widget-flex-grow:0;--container-widget-align-self:initial;--flex-wrap-mobile:wrap;--gap:10px 10px;--row-gap:10px;--column-gap:10px;}.elementor-widget-theme-post-featured-image .widget-image-caption{color:var( --e-global-color-text );font-family:var( --e-global-typography-text-font-family ), Sans-serif;font-weight:var( --e-global-typography-text-font-weight );}.elementor-262 .elementor-element.elementor-element-79c5adc img{width:100%;height:350px;object-fit:cover;object-position:center center;}.elementor-widget-post-info .elementor-icon-list-item:not(:last-child):after{border-color:var( --e-global-color-text );}.elementor-widget-post-info .elementor-icon-list-icon i{color:var( --e-global-color-primary );}.elementor-widget-post-info .elementor-icon-list-icon svg{fill:var( --e-global-color-primary );}.elementor-widget-post-info .elementor-icon-list-text, .elementor-widget-post-info .elementor-icon-list-text a{color:var( --e-global-color-secondary );}.elementor-widget-post-info .elementor-icon-list-item{font-family:var( --e-global-typography-text-font-family ), Sans-serif;font-weight:var( --e-global-typography-text-font-weight );}.elementor-262 .elementor-element.elementor-element-328622d .elementor-icon-list-icon{width:14px;}.elementor-262 .elementor-element.elementor-element-328622d .elementor-icon-list-icon i{font-size:14px;}.elementor-262 .elementor-element.elementor-element-328622d .elementor-icon-list-icon svg{--e-icon-list-icon-size:14px;}.elementor-262 .elementor-element.elementor-element-328622d .elementor-icon-list-text, .elementor-262 .elementor-element.elementor-element-328622d .elementor-icon-list-text a{color:var( --e-global-color-text );}.elementor-widget-divider{--divider-color:var( --e-global-color-secondary );}.elementor-widget-divider .elementor-divider__text{color:var( --e-global-color-secondary );font-family:var( --e-global-typography-secondary-font-family ), Sans-serif;font-weight:var( --e-global-typography-secondary-font-weight );}.elementor-widget-divider.elementor-view-stacked .elementor-icon{background-color:var( --e-global-color-secondary );}.elementor-widget-divider.elementor-view-framed .elementor-icon, .elementor-widget-divider.elementor-view-default .elementor-icon{color:var( --e-global-color-secondary );border-color:var( --e-global-color-secondary );}.elementor-widget-divider.elementor-view-framed .elementor-icon, .elementor-widget-divider.elementor-view-default .elementor-icon svg{fill:var( --e-global-color-secondary );}.elementor-262 .elementor-element.elementor-element-6a2a506{--divider-border-style:solid;--divider-color:var( --e-global-color-d6226ce );--divider-border-width:1px;}.elementor-262 .elementor-element.elementor-element-6a2a506 .elementor-divider-separator{width:100%;}.elementor-262 .elementor-element.elementor-element-6a2a506 .elementor-divider{padding-block-start:2px;padding-block-end:2px;}.elementor-widget-heading .elementor-heading-title{font-family:var( --e-global-typography-primary-font-family ), Sans-serif;font-weight:var( --e-global-typography-primary-font-weight );color:var( --e-global-color-primary );}.elementor-262 .elementor-element.elementor-element-1ed2bef .elementor-heading-title{font-family:\"Roboto\", Sans-serif;font-weight:500;color:var( --e-global-color-secondary );}.elementor-262 .elementor-element.elementor-element-1ed2bef > .elementor-widget-container{margin:10px 0px 0px 0px;}.elementor-widget-theme-post-excerpt .elementor-widget-container{font-family:var( --e-global-typography-text-font-family ), Sans-serif;font-weight:var( --e-global-typography-text-font-weight );color:var( --e-global-color-text );}<\/style><style>.elementor-262 .elementor-element.elementor-element-ed9f50c{--display:flex;--flex-direction:column;--container-widget-width:100%;--container-widget-height:initial;--container-widget-flex-grow:0;--container-widget-align-self:initial;--flex-wrap-mobile:wrap;--gap:10px 10px;--row-gap:10px;--column-gap:10px;}.elementor-widget-theme-post-featured-image .widget-image-caption{color:var( --e-global-color-text );font-family:var( --e-global-typography-text-font-family ), Sans-serif;font-weight:var( --e-global-typography-text-font-weight );}.elementor-262 .elementor-element.elementor-element-79c5adc img{width:100%;height:350px;object-fit:cover;object-position:center center;}.elementor-widget-post-info .elementor-icon-list-item:not(:last-child):after{border-color:var( --e-global-color-text );}.elementor-widget-post-info .elementor-icon-list-icon i{color:var( --e-global-color-primary );}.elementor-widget-post-info .elementor-icon-list-icon svg{fill:var( --e-global-color-primary );}.elementor-widget-post-info .elementor-icon-list-text, .elementor-widget-post-info .elementor-icon-list-text a{color:var( --e-global-color-secondary );}.elementor-widget-post-info .elementor-icon-list-item{font-family:var( --e-global-typography-text-font-family ), Sans-serif;font-weight:var( --e-global-typography-text-font-weight );}.elementor-262 .elementor-element.elementor-element-328622d .elementor-icon-list-icon{width:14px;}.elementor-262 .elementor-element.elementor-element-328622d .elementor-icon-list-icon i{font-size:14px;}.elementor-262 .elementor-element.elementor-element-328622d .elementor-icon-list-icon svg{--e-icon-list-icon-size:14px;}.elementor-262 .elementor-element.elementor-element-328622d .elementor-icon-list-text, .elementor-262 .elementor-element.elementor-element-328622d .elementor-icon-list-text a{color:var( --e-global-color-text );}.elementor-widget-divider{--divider-color:var( --e-global-color-secondary );}.elementor-widget-divider .elementor-divider__text{color:var( --e-global-color-secondary );font-family:var( --e-global-typography-secondary-font-family ), Sans-serif;font-weight:var( --e-global-typography-secondary-font-weight );}.elementor-widget-divider.elementor-view-stacked .elementor-icon{background-color:var( --e-global-color-secondary );}.elementor-widget-divider.elementor-view-framed .elementor-icon, .elementor-widget-divider.elementor-view-default .elementor-icon{color:var( --e-global-color-secondary );border-color:var( --e-global-color-secondary );}.elementor-widget-divider.elementor-view-framed .elementor-icon, .elementor-widget-divider.elementor-view-default .elementor-icon svg{fill:var( --e-global-color-secondary );}.elementor-262 .elementor-element.elementor-element-6a2a506{--divider-border-style:solid;--divider-color:var( --e-global-color-d6226ce );--divider-border-width:1px;}.elementor-262 .elementor-element.elementor-element-6a2a506 .elementor-divider-separator{width:100%;}.elementor-262 .elementor-element.elementor-element-6a2a506 .elementor-divider{padding-block-start:2px;padding-block-end:2px;}.elementor-widget-heading .elementor-heading-title{font-family:var( --e-global-typography-primary-font-family ), Sans-serif;font-weight:var( --e-global-typography-primary-font-weight );color:var( --e-global-color-primary );}.elementor-262 .elementor-element.elementor-element-1ed2bef .elementor-heading-title{font-family:\"Roboto\", Sans-serif;font-weight:500;color:var( --e-global-color-secondary );}.elementor-262 .elementor-element.elementor-element-1ed2bef > .elementor-widget-container{margin:10px 0px 0px 0px;}.elementor-widget-theme-post-excerpt .elementor-widget-container{font-family:var( --e-global-typography-text-font-family ), Sans-serif;font-weight:var( --e-global-typography-text-font-weight );color:var( --e-global-color-text );}<\/style>\t\t<div data-elementor-type=\"loop-item\" data-elementor-id=\"262\" class=\"elementor elementor-262 dce-elementor-rendering-id-1 e-loop-item e-loop-item-1805 post-1805 post type-post status-publish format-standard has-post-thumbnail hentry category-uncategorized\" data-elementor-post-type=\"elementor_library\" data-custom-edit-handle=\"1\">\n\t\t\t<a class=\"elementor-element elementor-element-ed9f50c e-flex e-con-boxed e-con e-parent\" data-id=\"ed9f50c\" data-element_type=\"container\" data-e-type=\"container\" href=\"https:\/\/exportnavigator.fleischnet.de\/es\/deutsche-maschinenbauer-beliefern-den-suedamerikanischen-protein-boom\">\n\t\t\t\t\t<div class=\"e-con-inner\">\n\t\t\t\t<div class=\"elementor-element elementor-element-79c5adc elementor-widget elementor-widget-theme-post-featured-image elementor-widget-image\" data-id=\"79c5adc\" data-element_type=\"widget\" data-e-type=\"widget\" data-widget_type=\"theme-post-featured-image.default\">\n\t\t\t\t<div class=\"elementor-widget-container\">\n\t\t\t\t\t\t\t\t\t\t\t\t\t\t\t<img fetchpriority=\"high\" decoding=\"async\" width=\"800\" height=\"533\" src=\"https:\/\/exportnavigator.fleischnet.de\/wp-content\/uploads\/2025\/05\/vdma_bild.jpg\" class=\"attachment-large size-large wp-image-1804\" alt=\"\" srcset=\"https:\/\/exportnavigator.fleischnet.de\/wp-content\/uploads\/2025\/05\/vdma_bild.jpg 945w, https:\/\/exportnavigator.fleischnet.de\/wp-content\/uploads\/2025\/05\/vdma_bild-300x200.jpg 300w, https:\/\/exportnavigator.fleischnet.de\/wp-content\/uploads\/2025\/05\/vdma_bild-768x512.jpg 768w, https:\/\/exportnavigator.fleischnet.de\/wp-content\/uploads\/2025\/05\/vdma_bild-18x12.jpg 18w\" sizes=\"(max-width: 800px) 100vw, 800px\" \/>\t\t\t\t\t\t\t\t\t\t\t\t\t\t\t<\/div>\n\t\t\t\t<\/div>\n\t\t\t\t<div class=\"elementor-element elementor-element-328622d meine-css elementor-widget elementor-widget-post-info\" data-id=\"328622d\" data-element_type=\"widget\" data-e-type=\"widget\" id=\"meine-id\" data-widget_type=\"post-info.default\">\n\t\t\t\t<div class=\"elementor-widget-container\">\n\t\t\t\t\t\t\t<ul class=\"elementor-icon-list-items elementor-post-info\">\n\t\t\t\t\t\t\t\t<li class=\"elementor-icon-list-item elementor-repeater-item-024c2af\" itemprop=\"about\">\n\t\t\t\t\t\t\t\t\t\t\t\t\t<span class=\"elementor-icon-list-text elementor-post-info__item elementor-post-info__item--type-terms\">\n\t\t\t\t\t\t\t\t\t\t<span class=\"elementor-post-info__terms-list\">\n\t\t\t\t<span class=\"elementor-post-info__terms-list-item\">Sin categor\u00eda<\/span>\t\t\t\t<\/span>\n\t\t\t\t\t<\/span>\n\t\t\t\t\t\t\t\t<\/li>\n\t\t\t\t<\/ul>\n\t\t\t\t\t\t<\/div>\n\t\t\t\t<\/div>\n\t\t\t\t<div class=\"elementor-element elementor-element-6a2a506 elementor-widget-divider--view-line elementor-widget elementor-widget-divider\" data-id=\"6a2a506\" data-element_type=\"widget\" data-e-type=\"widget\" data-widget_type=\"divider.default\">\n\t\t\t\t<div class=\"elementor-widget-container\">\n\t\t\t\t\t\t\t<div class=\"elementor-divider\">\n\t\t\t<span class=\"elementor-divider-separator\">\n\t\t\t\t\t\t<\/span>\n\t\t<\/div>\n\t\t\t\t\t\t<\/div>\n\t\t\t\t<\/div>\n\t\t\t\t<div class=\"elementor-element elementor-element-1ed2bef elementor-widget elementor-widget-heading\" data-id=\"1ed2bef\" data-element_type=\"widget\" data-e-type=\"widget\" data-widget_type=\"heading.default\">\n\t\t\t\t<div class=\"elementor-widget-container\">\n\t\t\t\t\t<h3 class=\"elementor-heading-title elementor-size-default\">Fabricantes alemanes de maquinaria abastecen el auge sudamericano de la prote\u00edna<\/h3>\t\t\t\t<\/div>\n\t\t\t\t<\/div>\n\t\t\t\t<div class=\"elementor-element elementor-element-a1c7616 elementor-widget elementor-widget-theme-post-excerpt\" data-id=\"a1c7616\" data-element_type=\"widget\" data-e-type=\"widget\" data-widget_type=\"theme-post-excerpt.default\">\n\t\t\t\t<div class=\"elementor-widget-container\">\n\t\t\t\t\t<p>En Sudam\u00e9rica no s\u00f3lo la carne est\u00e1 que arde en la barbacoa: el mercado de procesamiento de prote\u00ednas tambi\u00e9n funciona a todo vapor. Mientras el ganado vacuno, las aves de corral y, cada vez m\u00e1s, las alternativas vegetales se alimentan a trav\u00e9s de la producci\u00f3n...\t\t\t\t<\/div>\n\t\t\t\t<\/div>\n\t\t\t\t\t<\/div>\n\t\t\t\t<\/a>\n\t\t\t\t<\/div>\n\t\t\t\t\t<\/div>\n\t\t<\/article>\n\t\t\t\t\t<\/div>\n\t\t\t\t\t<\/div>\n\t\t\t\t\t\t<\/div>\n\t\t\t\t<\/div>\n\t\t\t\t<\/div>\n\t\t\t\t<\/div>\n\t\t\t\t\t<\/div>\n\t\t\t\t<\/div>\n\t\t\t\t<\/div>","protected":false},"excerpt":{"rendered":"<p>24 Stunden Gastlichkeit, first class, GVMANAGER 24 Stunden Gastlichkeit, first class, Food &amp; Beverage, GVMANAGER, Industrie, Schulverpflegung, streetFOOD business first class, Food &amp; Beverage, GVMANAGER, Industrie 24 Stunden Gastlichkeit, first [&hellip;]<\/p>","protected":false},"author":5,"featured_media":0,"parent":0,"menu_order":0,"comment_status":"closed","ping_status":"closed","template":"","meta":{"_acf_changed":false,"footnotes":"","_links_to":"","_links_to_target":""},"class_list":["post-269","page","type-page","status-publish","hentry"],"acf":[],"yoast_head":"<!-- This site is optimized with the Yoast SEO plugin v27.5 - https:\/\/yoast.com\/product\/yoast-seo-wordpress\/ -->\n<title>Magazin - exportnavigator.fleischnet.de<\/title>\n<meta name=\"robots\" content=\"noindex, follow, max-snippet:-1, max-image-preview:large, max-video-preview:-1\" \/>\n<meta property=\"og:locale\" content=\"es_ES\" \/>\n<meta property=\"og:type\" content=\"article\" \/>\n<meta property=\"og:title\" content=\"Magazin - exportnavigator.fleischnet.de\" \/>\n<meta property=\"og:description\" content=\"24 Stunden Gastlichkeit, first class, GVMANAGER 24 Stunden Gastlichkeit, first class, Food &amp; Beverage, GVMANAGER, Industrie, Schulverpflegung, streetFOOD business first class, Food &amp; Beverage, GVMANAGER, Industrie 24 Stunden Gastlichkeit, first [&hellip;]\" \/>\n<meta property=\"og:url\" content=\"https:\/\/exportnavigator.fleischnet.de\/es\/magazin\/\" \/>\n<meta property=\"og:site_name\" content=\"exportnavigator.fleischnet.de\" \/>\n<meta property=\"article:publisher\" content=\"https:\/\/www.facebook.com\/profile.php?id=61556339901555\" \/>\n<meta property=\"article:modified_time\" content=\"2024-02-22T11:02:18+00:00\" \/>\n<meta name=\"twitter:card\" content=\"summary_large_image\" \/>\n<script type=\"application\/ld+json\" class=\"yoast-schema-graph\">{\"@context\":\"https:\\\/\\\/schema.org\",\"@graph\":[{\"@type\":\"WebPage\",\"@id\":\"https:\\\/\\\/exportnavigator.fleischnet.de\\\/magazin\",\"url\":\"https:\\\/\\\/exportnavigator.fleischnet.de\\\/magazin\",\"name\":\"Magazin - exportnavigator.fleischnet.de\",\"isPartOf\":{\"@id\":\"https:\\\/\\\/exportnavigator.fleischnet.de\\\/#website\"},\"datePublished\":\"2023-12-19T14:23:59+00:00\",\"dateModified\":\"2024-02-22T11:02:18+00:00\",\"breadcrumb\":{\"@id\":\"https:\\\/\\\/exportnavigator.fleischnet.de\\\/magazin#breadcrumb\"},\"inLanguage\":\"es\",\"potentialAction\":[{\"@type\":\"ReadAction\",\"target\":[\"https:\\\/\\\/exportnavigator.fleischnet.de\\\/magazin\"]}]},{\"@type\":\"BreadcrumbList\",\"@id\":\"https:\\\/\\\/exportnavigator.fleischnet.de\\\/magazin#breadcrumb\",\"itemListElement\":[{\"@type\":\"ListItem\",\"position\":1,\"name\":\"Startseite\",\"item\":\"https:\\\/\\\/exportnavigator.fleischnet.de\\\/\"},{\"@type\":\"ListItem\",\"position\":2,\"name\":\"Magazin\"}]},{\"@type\":\"WebSite\",\"@id\":\"https:\\\/\\\/exportnavigator.fleischnet.de\\\/#website\",\"url\":\"https:\\\/\\\/exportnavigator.fleischnet.de\\\/\",\"name\":\"blgastrotrends.de\",\"description\":\"\",\"publisher\":{\"@id\":\"https:\\\/\\\/exportnavigator.fleischnet.de\\\/#organization\"},\"potentialAction\":[{\"@type\":\"SearchAction\",\"target\":{\"@type\":\"EntryPoint\",\"urlTemplate\":\"https:\\\/\\\/exportnavigator.fleischnet.de\\\/?s={search_term_string}\"},\"query-input\":{\"@type\":\"PropertyValueSpecification\",\"valueRequired\":true,\"valueName\":\"search_term_string\"}}],\"inLanguage\":\"es\"},{\"@type\":\"Organization\",\"@id\":\"https:\\\/\\\/exportnavigator.fleischnet.de\\\/#organization\",\"name\":\"B&L MedienGesellschaft mbH & Co. KG\",\"url\":\"https:\\\/\\\/exportnavigator.fleischnet.de\\\/\",\"logo\":{\"@type\":\"ImageObject\",\"inLanguage\":\"es\",\"@id\":\"https:\\\/\\\/exportnavigator.fleischnet.de\\\/#\\\/schema\\\/logo\\\/image\\\/\",\"url\":\"https:\\\/\\\/exportnavigator.fleischnet.de\\\/wp-content\\\/uploads\\\/2023\\\/12\\\/exportnavigator_icon.png\",\"contentUrl\":\"https:\\\/\\\/exportnavigator.fleischnet.de\\\/wp-content\\\/uploads\\\/2023\\\/12\\\/exportnavigator_icon.png\",\"width\":500,\"height\":506,\"caption\":\"B&L MedienGesellschaft mbH & Co. KG\"},\"image\":{\"@id\":\"https:\\\/\\\/exportnavigator.fleischnet.de\\\/#\\\/schema\\\/logo\\\/image\\\/\"},\"sameAs\":[\"https:\\\/\\\/www.facebook.com\\\/profile.php?id=61556339901555\",\"https:\\\/\\\/www.instagram.com\\\/blgastrotrends.de\\\/\"]}]}<\/script>\n<!-- \/ Yoast SEO plugin. -->","yoast_head_json":{"title":"Magazin - exportnavigator.fleischnet.de","robots":{"index":"noindex","follow":"follow","max-snippet":"max-snippet:-1","max-image-preview":"max-image-preview:large","max-video-preview":"max-video-preview:-1"},"og_locale":"es_ES","og_type":"article","og_title":"Magazin - exportnavigator.fleischnet.de","og_description":"24 Stunden Gastlichkeit, first class, GVMANAGER 24 Stunden Gastlichkeit, first class, Food &amp; Beverage, GVMANAGER, Industrie, Schulverpflegung, streetFOOD business first class, Food &amp; Beverage, GVMANAGER, Industrie 24 Stunden Gastlichkeit, first [&hellip;]","og_url":"https:\/\/exportnavigator.fleischnet.de\/es\/magazin\/","og_site_name":"exportnavigator.fleischnet.de","article_publisher":"https:\/\/www.facebook.com\/profile.php?id=61556339901555","article_modified_time":"2024-02-22T11:02:18+00:00","twitter_card":"summary_large_image","schema":{"@context":"https:\/\/schema.org","@graph":[{"@type":"WebPage","@id":"https:\/\/exportnavigator.fleischnet.de\/magazin","url":"https:\/\/exportnavigator.fleischnet.de\/magazin","name":"Magazin - exportnavigator.fleischnet.de","isPartOf":{"@id":"https:\/\/exportnavigator.fleischnet.de\/#website"},"datePublished":"2023-12-19T14:23:59+00:00","dateModified":"2024-02-22T11:02:18+00:00","breadcrumb":{"@id":"https:\/\/exportnavigator.fleischnet.de\/magazin#breadcrumb"},"inLanguage":"es","potentialAction":[{"@type":"ReadAction","target":["https:\/\/exportnavigator.fleischnet.de\/magazin"]}]},{"@type":"BreadcrumbList","@id":"https:\/\/exportnavigator.fleischnet.de\/magazin#breadcrumb","itemListElement":[{"@type":"ListItem","position":1,"name":"Startseite","item":"https:\/\/exportnavigator.fleischnet.de\/"},{"@type":"ListItem","position":2,"name":"Magazin"}]},{"@type":"WebSite","@id":"https:\/\/exportnavigator.fleischnet.de\/#website","url":"https:\/\/exportnavigator.fleischnet.de\/","name":"blgastrotrends.de","description":"","publisher":{"@id":"https:\/\/exportnavigator.fleischnet.de\/#organization"},"potentialAction":[{"@type":"SearchAction","target":{"@type":"EntryPoint","urlTemplate":"https:\/\/exportnavigator.fleischnet.de\/?s={search_term_string}"},"query-input":{"@type":"PropertyValueSpecification","valueRequired":true,"valueName":"search_term_string"}}],"inLanguage":"es"},{"@type":"Organization","@id":"https:\/\/exportnavigator.fleischnet.de\/#organization","name":"B&L MedienGesellschaft mbH & Co. KG","url":"https:\/\/exportnavigator.fleischnet.de\/","logo":{"@type":"ImageObject","inLanguage":"es","@id":"https:\/\/exportnavigator.fleischnet.de\/#\/schema\/logo\/image\/","url":"https:\/\/exportnavigator.fleischnet.de\/wp-content\/uploads\/2023\/12\/exportnavigator_icon.png","contentUrl":"https:\/\/exportnavigator.fleischnet.de\/wp-content\/uploads\/2023\/12\/exportnavigator_icon.png","width":500,"height":506,"caption":"B&L MedienGesellschaft mbH & Co. KG"},"image":{"@id":"https:\/\/exportnavigator.fleischnet.de\/#\/schema\/logo\/image\/"},"sameAs":["https:\/\/www.facebook.com\/profile.php?id=61556339901555","https:\/\/www.instagram.com\/blgastrotrends.de\/"]}]}},"_links":{"self":[{"href":"https:\/\/exportnavigator.fleischnet.de\/es\/wp-json\/wp\/v2\/pages\/269","targetHints":{"allow":["GET"]}}],"collection":[{"href":"https:\/\/exportnavigator.fleischnet.de\/es\/wp-json\/wp\/v2\/pages"}],"about":[{"href":"https:\/\/exportnavigator.fleischnet.de\/es\/wp-json\/wp\/v2\/types\/page"}],"author":[{"embeddable":true,"href":"https:\/\/exportnavigator.fleischnet.de\/es\/wp-json\/wp\/v2\/users\/5"}],"replies":[{"embeddable":true,"href":"https:\/\/exportnavigator.fleischnet.de\/es\/wp-json\/wp\/v2\/comments?post=269"}],"version-history":[{"count":23,"href":"https:\/\/exportnavigator.fleischnet.de\/es\/wp-json\/wp\/v2\/pages\/269\/revisions"}],"predecessor-version":[{"id":1144,"href":"https:\/\/exportnavigator.fleischnet.de\/es\/wp-json\/wp\/v2\/pages\/269\/revisions\/1144"}],"wp:attachment":[{"href":"https:\/\/exportnavigator.fleischnet.de\/es\/wp-json\/wp\/v2\/media?parent=269"}],"curies":[{"name":"wp","href":"https:\/\/api.w.org\/{rel}","templated":true}]}}