{"id":709,"date":"2024-01-27T11:15:16","date_gmt":"2024-01-27T10:15:16","guid":{"rendered":"https:\/\/blgastrotrends.de\/?page_id=709"},"modified":"2024-01-27T11:26:36","modified_gmt":"2024-01-27T10:26:36","slug":"widerrufsbelehrung","status":"publish","type":"page","link":"https:\/\/exportnavigator.fleischnet.de\/es\/widerrufsbelehrung","title":{"rendered":"Pol\u00edtica de anulaci\u00f3n"},"content":{"rendered":"<h2 class=\"wp-block-heading\">Pol\u00edtica de anulaci\u00f3n<\/h2>\n\n\n\n<p><strong>Derecho de cancelaci\u00f3n para los consumidores finales<\/strong><\/p>\n\n\n\n<p>Un consumidor final en el sentido del art\u00edculo 13 del BGB s\u00f3lo puede ser una persona f\u00edsica. El negocio jur\u00eddico no puede atribuirse a una actividad comercial o profesional independiente. Las personas jur\u00eddicas o los empresarios con arreglo al art\u00edculo 14 (1) del BGB no son consumidores finales.<\/p>\n\n\n\n<p>Tiene derecho a rescindir este contrato en un plazo de catorce d\u00edas sin necesidad de justificaci\u00f3n.<\/p>\n\n\n\n<p>El plazo de desistimiento es de catorce d\u00edas a partir del d\u00eda en que usted o un tercero nombrado por usted, que no sea el transportista, haya tomado posesi\u00f3n de los bienes.<\/p>\n\n\n\n<p>Para ejercer su derecho de rescisi\u00f3n, deber\u00e1 informarnos (B&amp;L MedienGesellschaft mbH &amp; Co. KG, Max-Volmer-Stra\u00dfe 28, 40724 Hilden, Tel.: 02103\/204-0, Fax: 02103\/204-204, E-Mail: info@blmedien.de) de su decisi\u00f3n de rescindir el presente contrato mediante una declaraci\u00f3n inequ\u00edvoca (por ejemplo, una carta enviada por correo postal, fax o correo electr\u00f3nico).<\/p>\n\n\n\n<p>Para cumplir el plazo de cancelaci\u00f3n, basta con que env\u00ede su notificaci\u00f3n de ejercicio del derecho de cancelaci\u00f3n antes de que expire el plazo de cancelaci\u00f3n.<\/p>\n\n\n\n<p><strong>Consecuencias de la anulaci\u00f3n<\/strong><\/p>\n\n\n\n<p>Si desiste del presente contrato, le reembolsaremos todos los pagos que hayamos recibido de usted, incluidos los gastos de entrega (con excepci\u00f3n de los gastos suplementarios resultantes de la elecci\u00f3n por su parte de un tipo de entrega distinto del tipo menos costoso de entrega ordinaria que ofrezcamos), sin ninguna demora indebida y, en cualquier caso, a m\u00e1s tardar 14 d\u00edas a partir del d\u00eda en que se nos informe de su decisi\u00f3n de desistir del presente contrato. Para este reembolso, utilizaremos el mismo medio de pago que usted utiliz\u00f3 para la transacci\u00f3n original, salvo que se haya acordado expresamente otra cosa con usted; en ning\u00fan caso se le cobrar\u00e1n comisiones por este reembolso. Podremos retener el reembolso hasta que hayamos recibido los bienes de vuelta o hasta que usted haya presentado una prueba de que ha devuelto los bienes, seg\u00fan qu\u00e9 condici\u00f3n se cumpla primero.<\/p>\n\n\n\n<p>Debe devolvernos o entregarnos los bienes inmediatamente y, en cualquier caso, en un plazo m\u00e1ximo de catorce d\u00edas a partir del d\u00eda en que nos informe de la rescisi\u00f3n del presente contrato. El plazo se cumple si usted env\u00eda los bienes antes de que haya expirado el plazo de catorce d\u00edas. Usted correr\u00e1 con los gastos directos de devoluci\u00f3n de los bienes. S\u00f3lo tendr\u00e1 que pagar la p\u00e9rdida de valor de los bienes si dicha p\u00e9rdida de valor se debe a una manipulaci\u00f3n de los bienes que no sea necesaria para comprobar su estado, propiedades y funcionalidad.<\/p>\n\n\n\n<p><strong>Utilice nuestro formulario de cancelaci\u00f3n:<\/strong><\/p>\n\n\n\n<p><a href=\"https:\/\/blmedien.de\/wp-content\/uploads\/2022\/10\/Widerrufsrechtformular_BLMedienGesellschaft.pdf\">Descargar formulario de cancelaci\u00f3n (PDF)<\/a><\/p>","protected":false},"excerpt":{"rendered":"<p>Widerrufsbelehrung Widerrufsrecht f\u00fcr Endverbraucher Ein Endverbraucher im Sinne des \u00a7 13 BGB kann nur eine nat\u00fcrliche Person sein. Das Rechtsgesch\u00e4ft darf weder einer gewerblichen noch einer selbstst\u00e4ndigen beruflichen T\u00e4tigkeit zugerechnet [&hellip;]<\/p>","protected":false},"author":5,"featured_media":0,"parent":0,"menu_order":0,"comment_status":"closed","ping_status":"closed","template":"","meta":{"_acf_changed":false,"footnotes":"","_links_to":"","_links_to_target":""},"class_list":["post-709","page","type-page","status-publish","hentry"],"acf":[],"yoast_head":"<!-- This site is optimized with the Yoast SEO plugin v27.6 - https:\/\/yoast.com\/product\/yoast-seo-wordpress\/ -->\n<title>Widerrufsbelehrung - exportnavigator.fleischnet.de<\/title>\n<meta name=\"robots\" content=\"noindex, follow, max-snippet:-1, max-image-preview:large, max-video-preview:-1\" \/>\n<meta property=\"og:locale\" content=\"es_ES\" \/>\n<meta property=\"og:type\" content=\"article\" \/>\n<meta property=\"og:title\" content=\"Widerrufsbelehrung - exportnavigator.fleischnet.de\" \/>\n<meta property=\"og:description\" content=\"Widerrufsbelehrung Widerrufsrecht f\u00fcr Endverbraucher Ein Endverbraucher im Sinne des \u00a7 13 BGB kann nur eine nat\u00fcrliche Person sein. Das Rechtsgesch\u00e4ft darf weder einer gewerblichen noch einer selbstst\u00e4ndigen beruflichen T\u00e4tigkeit zugerechnet [&hellip;]\" \/>\n<meta property=\"og:url\" content=\"https:\/\/exportnavigator.fleischnet.de\/es\/widerrufsbelehrung\/\" \/>\n<meta property=\"og:site_name\" content=\"exportnavigator.fleischnet.de\" \/>\n<meta property=\"article:publisher\" content=\"https:\/\/www.facebook.com\/profile.php?id=61556339901555\" \/>\n<meta property=\"article:modified_time\" content=\"2024-01-27T10:26:36+00:00\" \/>\n<meta name=\"twitter:card\" content=\"summary_large_image\" \/>\n<meta name=\"twitter:label1\" content=\"Tiempo de lectura\" \/>\n\t<meta name=\"twitter:data1\" content=\"2 minutos\" \/>\n<script type=\"application\/ld+json\" class=\"yoast-schema-graph\">{\"@context\":\"https:\\\/\\\/schema.org\",\"@graph\":[{\"@type\":\"WebPage\",\"@id\":\"https:\\\/\\\/exportnavigator.fleischnet.de\\\/widerrufsbelehrung\",\"url\":\"https:\\\/\\\/exportnavigator.fleischnet.de\\\/widerrufsbelehrung\",\"name\":\"Widerrufsbelehrung - exportnavigator.fleischnet.de\",\"isPartOf\":{\"@id\":\"https:\\\/\\\/exportnavigator.fleischnet.de\\\/#website\"},\"datePublished\":\"2024-01-27T10:15:16+00:00\",\"dateModified\":\"2024-01-27T10:26:36+00:00\",\"breadcrumb\":{\"@id\":\"https:\\\/\\\/exportnavigator.fleischnet.de\\\/widerrufsbelehrung#breadcrumb\"},\"inLanguage\":\"es\",\"potentialAction\":[{\"@type\":\"ReadAction\",\"target\":[\"https:\\\/\\\/exportnavigator.fleischnet.de\\\/widerrufsbelehrung\"]}]},{\"@type\":\"BreadcrumbList\",\"@id\":\"https:\\\/\\\/exportnavigator.fleischnet.de\\\/widerrufsbelehrung#breadcrumb\",\"itemListElement\":[{\"@type\":\"ListItem\",\"position\":1,\"name\":\"Startseite\",\"item\":\"https:\\\/\\\/exportnavigator.fleischnet.de\\\/\"},{\"@type\":\"ListItem\",\"position\":2,\"name\":\"Widerrufsbelehrung\"}]},{\"@type\":\"WebSite\",\"@id\":\"https:\\\/\\\/exportnavigator.fleischnet.de\\\/#website\",\"url\":\"https:\\\/\\\/exportnavigator.fleischnet.de\\\/\",\"name\":\"blgastrotrends.de\",\"description\":\"\",\"publisher\":{\"@id\":\"https:\\\/\\\/exportnavigator.fleischnet.de\\\/#organization\"},\"potentialAction\":[{\"@type\":\"SearchAction\",\"target\":{\"@type\":\"EntryPoint\",\"urlTemplate\":\"https:\\\/\\\/exportnavigator.fleischnet.de\\\/?s={search_term_string}\"},\"query-input\":{\"@type\":\"PropertyValueSpecification\",\"valueRequired\":true,\"valueName\":\"search_term_string\"}}],\"inLanguage\":\"es\"},{\"@type\":\"Organization\",\"@id\":\"https:\\\/\\\/exportnavigator.fleischnet.de\\\/#organization\",\"name\":\"B&L MedienGesellschaft mbH & Co. KG\",\"url\":\"https:\\\/\\\/exportnavigator.fleischnet.de\\\/\",\"logo\":{\"@type\":\"ImageObject\",\"inLanguage\":\"es\",\"@id\":\"https:\\\/\\\/exportnavigator.fleischnet.de\\\/#\\\/schema\\\/logo\\\/image\\\/\",\"url\":\"https:\\\/\\\/exportnavigator.fleischnet.de\\\/wp-content\\\/uploads\\\/2023\\\/12\\\/exportnavigator_icon.png\",\"contentUrl\":\"https:\\\/\\\/exportnavigator.fleischnet.de\\\/wp-content\\\/uploads\\\/2023\\\/12\\\/exportnavigator_icon.png\",\"width\":500,\"height\":506,\"caption\":\"B&L MedienGesellschaft mbH & Co. KG\"},\"image\":{\"@id\":\"https:\\\/\\\/exportnavigator.fleischnet.de\\\/#\\\/schema\\\/logo\\\/image\\\/\"},\"sameAs\":[\"https:\\\/\\\/www.facebook.com\\\/profile.php?id=61556339901555\",\"https:\\\/\\\/www.instagram.com\\\/blgastrotrends.de\\\/\"]}]}<\/script>\n<!-- \/ Yoast SEO plugin. -->","yoast_head_json":{"title":"Widerrufsbelehrung - exportnavigator.fleischnet.de","robots":{"index":"noindex","follow":"follow","max-snippet":"max-snippet:-1","max-image-preview":"max-image-preview:large","max-video-preview":"max-video-preview:-1"},"og_locale":"es_ES","og_type":"article","og_title":"Widerrufsbelehrung - exportnavigator.fleischnet.de","og_description":"Widerrufsbelehrung Widerrufsrecht f\u00fcr Endverbraucher Ein Endverbraucher im Sinne des \u00a7 13 BGB kann nur eine nat\u00fcrliche Person sein. Das Rechtsgesch\u00e4ft darf weder einer gewerblichen noch einer selbstst\u00e4ndigen beruflichen T\u00e4tigkeit zugerechnet [&hellip;]","og_url":"https:\/\/exportnavigator.fleischnet.de\/es\/widerrufsbelehrung\/","og_site_name":"exportnavigator.fleischnet.de","article_publisher":"https:\/\/www.facebook.com\/profile.php?id=61556339901555","article_modified_time":"2024-01-27T10:26:36+00:00","twitter_card":"summary_large_image","twitter_misc":{"Tiempo de lectura":"2 minutos"},"schema":{"@context":"https:\/\/schema.org","@graph":[{"@type":"WebPage","@id":"https:\/\/exportnavigator.fleischnet.de\/widerrufsbelehrung","url":"https:\/\/exportnavigator.fleischnet.de\/widerrufsbelehrung","name":"Widerrufsbelehrung - exportnavigator.fleischnet.de","isPartOf":{"@id":"https:\/\/exportnavigator.fleischnet.de\/#website"},"datePublished":"2024-01-27T10:15:16+00:00","dateModified":"2024-01-27T10:26:36+00:00","breadcrumb":{"@id":"https:\/\/exportnavigator.fleischnet.de\/widerrufsbelehrung#breadcrumb"},"inLanguage":"es","potentialAction":[{"@type":"ReadAction","target":["https:\/\/exportnavigator.fleischnet.de\/widerrufsbelehrung"]}]},{"@type":"BreadcrumbList","@id":"https:\/\/exportnavigator.fleischnet.de\/widerrufsbelehrung#breadcrumb","itemListElement":[{"@type":"ListItem","position":1,"name":"Startseite","item":"https:\/\/exportnavigator.fleischnet.de\/"},{"@type":"ListItem","position":2,"name":"Widerrufsbelehrung"}]},{"@type":"WebSite","@id":"https:\/\/exportnavigator.fleischnet.de\/#website","url":"https:\/\/exportnavigator.fleischnet.de\/","name":"blgastrotrends.de","description":"","publisher":{"@id":"https:\/\/exportnavigator.fleischnet.de\/#organization"},"potentialAction":[{"@type":"SearchAction","target":{"@type":"EntryPoint","urlTemplate":"https:\/\/exportnavigator.fleischnet.de\/?s={search_term_string}"},"query-input":{"@type":"PropertyValueSpecification","valueRequired":true,"valueName":"search_term_string"}}],"inLanguage":"es"},{"@type":"Organization","@id":"https:\/\/exportnavigator.fleischnet.de\/#organization","name":"B&L MedienGesellschaft mbH & Co. KG","url":"https:\/\/exportnavigator.fleischnet.de\/","logo":{"@type":"ImageObject","inLanguage":"es","@id":"https:\/\/exportnavigator.fleischnet.de\/#\/schema\/logo\/image\/","url":"https:\/\/exportnavigator.fleischnet.de\/wp-content\/uploads\/2023\/12\/exportnavigator_icon.png","contentUrl":"https:\/\/exportnavigator.fleischnet.de\/wp-content\/uploads\/2023\/12\/exportnavigator_icon.png","width":500,"height":506,"caption":"B&L MedienGesellschaft mbH & Co. KG"},"image":{"@id":"https:\/\/exportnavigator.fleischnet.de\/#\/schema\/logo\/image\/"},"sameAs":["https:\/\/www.facebook.com\/profile.php?id=61556339901555","https:\/\/www.instagram.com\/blgastrotrends.de\/"]}]}},"_links":{"self":[{"href":"https:\/\/exportnavigator.fleischnet.de\/es\/wp-json\/wp\/v2\/pages\/709","targetHints":{"allow":["GET"]}}],"collection":[{"href":"https:\/\/exportnavigator.fleischnet.de\/es\/wp-json\/wp\/v2\/pages"}],"about":[{"href":"https:\/\/exportnavigator.fleischnet.de\/es\/wp-json\/wp\/v2\/types\/page"}],"author":[{"embeddable":true,"href":"https:\/\/exportnavigator.fleischnet.de\/es\/wp-json\/wp\/v2\/users\/5"}],"replies":[{"embeddable":true,"href":"https:\/\/exportnavigator.fleischnet.de\/es\/wp-json\/wp\/v2\/comments?post=709"}],"version-history":[{"count":2,"href":"https:\/\/exportnavigator.fleischnet.de\/es\/wp-json\/wp\/v2\/pages\/709\/revisions"}],"predecessor-version":[{"id":730,"href":"https:\/\/exportnavigator.fleischnet.de\/es\/wp-json\/wp\/v2\/pages\/709\/revisions\/730"}],"wp:attachment":[{"href":"https:\/\/exportnavigator.fleischnet.de\/es\/wp-json\/wp\/v2\/media?parent=709"}],"curies":[{"name":"wp","href":"https:\/\/api.w.org\/{rel}","templated":true}]}}