{"id":711,"date":"2024-01-27T11:15:33","date_gmt":"2024-01-27T10:15:33","guid":{"rendered":"https:\/\/blgastrotrends.de\/?page_id=711"},"modified":"2024-02-23T09:02:07","modified_gmt":"2024-02-23T08:02:07","slug":"impressum","status":"publish","type":"page","link":"https:\/\/exportnavigator.fleischnet.de\/es\/impressum","title":{"rendered":"Pie de imprenta"},"content":{"rendered":"<p><strong>Editorial:<\/strong><br><strong>B&amp;L MedienGesellschaft mbH &amp; Co. KG<\/strong><br>Apartado de correos 10 02 20, 40702 Hilden<br>Max-Volmer-Str. 28, 40724 Hilden<br>Tel.: 02103\/-204-0 - Fax: 02103\/204-204<br>Correo electr\u00f3nico: info@blmedien.de<br>Internet: www.blmedien.de<\/p>\n\n\n\n<p><strong>Rama editorial de M\u00fanich<\/strong><br><strong>B&amp;L MedienGesellschaft mbH &amp; Co. KG<\/strong><br>Apartado de correos 21 03 46, 80673 M\u00fanich<br>Garmischer Stra\u00dfe 7, 80339 M\u00fanich<br>Tel.: 089\/37060-0 - Fax: 089\/37060-111<br>Correo electr\u00f3nico: muc@blmedien.de<br>Internet: www.blmedien.de<\/p>\n\n\n\n<p><strong>Filial editorial Bad Breisig<\/strong><br><strong>B&amp;L MedienGesellschaft mbH &amp; Co. KG<\/strong><br>Apartado de correos 1363, 53492 Bad Breisig<br>Zehnerstra\u00dfe 22b, 53498 Bad Breisig<br>Tel.: 02633\/4540-0 - Fax: 02633\/97415<br>Correo electr\u00f3nico: infobb@blmedien.de<br>Internet: www.moproweb.de<\/p>\n\n\n\n<p>Nota de responsabilidad:<br>B&amp;L MedienGesellschaft mbH &amp; Co. KG no asume ninguna responsabilidad por el contenido de los sitios web y ofertas a los que se proporciona un enlace y que no tienen su origen en B&amp;L MedienGesellschaft mbH &amp; Co. KG, no se asume ninguna responsabilidad.<\/p>\n\n\n\n<p>Derechos de autor:<br>Todos los derechos reservados. El editor autoriza la transferencia de textos e im\u00e1genes a bases de datos destinadas exclusivamente al uso privado de un usuario. La transferencia y utilizaci\u00f3n de los datos para otros fines requiere el consentimiento por escrito de B&amp;L MedienGesellschaft mbH &amp; Co. KG.<\/p>\n\n\n\n<p>B&amp;L MedienGesellschaft mbH &amp; Co. KG<br>HR AG D\u00fcsseldorf N\u00ba HRA 15890<br>CIF: DE 121378780<br>Reclamaci\u00f3n: B&amp;L Medien Gesch\u00e4ftsf\u00fchrungs GmbH<br>HR AG D\u00fcsseldorf N\u00ba HRB 45059<br>Directores Generales: Bj\u00f6rn Hansen, Harry Lietzenmayer, Stephan Toth<\/p>\n\n\n\n<p>Informaci\u00f3n sobre resoluci\u00f3n de litigios en l\u00ednea:&nbsp;<br>La Comisi\u00f3n Europea ha creado una plataforma de Internet para la resoluci\u00f3n de litigios en l\u00ednea (\"plataforma RLL\"). La plataforma RLL sirve de punto de contacto para la resoluci\u00f3n extrajudicial de litigios relativos a obligaciones contractuales derivadas de contratos de venta en l\u00ednea. Los clientes pueden acceder a la plataforma ODR a trav\u00e9s del siguiente enlace: http:\/\/ec.europa.eu\/consumers\/odr\/<\/p>\n\n\n\n<p>Cr\u00e9ditos de las im\u00e1genes:<br>\u0406\u0440\u0438\u043d\u0430 - stock.adobe.com<br>Iconos de\u00a0<a href=\"https:\/\/icons8.com\/\" target=\"_blank\" rel=\"noreferrer noopener\">icons8.com<\/a><\/p>","protected":false},"excerpt":{"rendered":"<p>Verlag:B&amp;L MedienGesellschaft mbH &amp; Co. KGPostfach 10 02 20, 40702 HildenMax-Volmer-Str. 28, 40724 HildenTel.: 02103\/-204-0 \u2013 Fax: 02103\/204-204E-Mail: info@blmedien.deInternet: www.blmedien.de Verlagsniederlassung M\u00fcnchenB&amp;L MedienGesellschaft mbH &amp; Co. KGPostfach 21 03 46, [&hellip;]<\/p>","protected":false},"author":5,"featured_media":0,"parent":0,"menu_order":0,"comment_status":"closed","ping_status":"closed","template":"","meta":{"_acf_changed":false,"footnotes":"","_links_to":"","_links_to_target":""},"class_list":["post-711","page","type-page","status-publish","hentry"],"acf":[],"yoast_head":"<!-- This site is optimized with the Yoast SEO plugin v27.5 - https:\/\/yoast.com\/product\/yoast-seo-wordpress\/ -->\n<title>Impressum - exportnavigator.fleischnet.de<\/title>\n<meta name=\"robots\" content=\"noindex, follow, max-snippet:-1, max-image-preview:large, max-video-preview:-1\" \/>\n<meta property=\"og:locale\" content=\"es_ES\" \/>\n<meta property=\"og:type\" content=\"article\" \/>\n<meta property=\"og:title\" content=\"Impressum - exportnavigator.fleischnet.de\" \/>\n<meta property=\"og:description\" content=\"Verlag:B&amp;L MedienGesellschaft mbH &amp; Co. KGPostfach 10 02 20, 40702 HildenMax-Volmer-Str. 28, 40724 HildenTel.: 02103\/-204-0 \u2013 Fax: 02103\/204-204E-Mail: info@blmedien.deInternet: www.blmedien.de Verlagsniederlassung M\u00fcnchenB&amp;L MedienGesellschaft mbH &amp; Co. KGPostfach 21 03 46, [&hellip;]\" \/>\n<meta property=\"og:url\" content=\"https:\/\/exportnavigator.fleischnet.de\/es\/impressum\/\" \/>\n<meta property=\"og:site_name\" content=\"exportnavigator.fleischnet.de\" \/>\n<meta property=\"article:publisher\" content=\"https:\/\/www.facebook.com\/profile.php?id=61556339901555\" \/>\n<meta property=\"article:modified_time\" content=\"2024-02-23T08:02:07+00:00\" \/>\n<meta name=\"twitter:card\" content=\"summary_large_image\" \/>\n<meta name=\"twitter:label1\" content=\"Tiempo de lectura\" \/>\n\t<meta name=\"twitter:data1\" content=\"2 minutos\" \/>\n<script type=\"application\/ld+json\" class=\"yoast-schema-graph\">{\"@context\":\"https:\\\/\\\/schema.org\",\"@graph\":[{\"@type\":\"WebPage\",\"@id\":\"https:\\\/\\\/exportnavigator.fleischnet.de\\\/impressum\",\"url\":\"https:\\\/\\\/exportnavigator.fleischnet.de\\\/impressum\",\"name\":\"Impressum - exportnavigator.fleischnet.de\",\"isPartOf\":{\"@id\":\"https:\\\/\\\/exportnavigator.fleischnet.de\\\/#website\"},\"datePublished\":\"2024-01-27T10:15:33+00:00\",\"dateModified\":\"2024-02-23T08:02:07+00:00\",\"breadcrumb\":{\"@id\":\"https:\\\/\\\/exportnavigator.fleischnet.de\\\/impressum#breadcrumb\"},\"inLanguage\":\"es\",\"potentialAction\":[{\"@type\":\"ReadAction\",\"target\":[\"https:\\\/\\\/exportnavigator.fleischnet.de\\\/impressum\"]}]},{\"@type\":\"BreadcrumbList\",\"@id\":\"https:\\\/\\\/exportnavigator.fleischnet.de\\\/impressum#breadcrumb\",\"itemListElement\":[{\"@type\":\"ListItem\",\"position\":1,\"name\":\"Startseite\",\"item\":\"https:\\\/\\\/exportnavigator.fleischnet.de\\\/\"},{\"@type\":\"ListItem\",\"position\":2,\"name\":\"Impressum\"}]},{\"@type\":\"WebSite\",\"@id\":\"https:\\\/\\\/exportnavigator.fleischnet.de\\\/#website\",\"url\":\"https:\\\/\\\/exportnavigator.fleischnet.de\\\/\",\"name\":\"blgastrotrends.de\",\"description\":\"\",\"publisher\":{\"@id\":\"https:\\\/\\\/exportnavigator.fleischnet.de\\\/#organization\"},\"potentialAction\":[{\"@type\":\"SearchAction\",\"target\":{\"@type\":\"EntryPoint\",\"urlTemplate\":\"https:\\\/\\\/exportnavigator.fleischnet.de\\\/?s={search_term_string}\"},\"query-input\":{\"@type\":\"PropertyValueSpecification\",\"valueRequired\":true,\"valueName\":\"search_term_string\"}}],\"inLanguage\":\"es\"},{\"@type\":\"Organization\",\"@id\":\"https:\\\/\\\/exportnavigator.fleischnet.de\\\/#organization\",\"name\":\"B&L MedienGesellschaft mbH & Co. KG\",\"url\":\"https:\\\/\\\/exportnavigator.fleischnet.de\\\/\",\"logo\":{\"@type\":\"ImageObject\",\"inLanguage\":\"es\",\"@id\":\"https:\\\/\\\/exportnavigator.fleischnet.de\\\/#\\\/schema\\\/logo\\\/image\\\/\",\"url\":\"https:\\\/\\\/exportnavigator.fleischnet.de\\\/wp-content\\\/uploads\\\/2023\\\/12\\\/exportnavigator_icon.png\",\"contentUrl\":\"https:\\\/\\\/exportnavigator.fleischnet.de\\\/wp-content\\\/uploads\\\/2023\\\/12\\\/exportnavigator_icon.png\",\"width\":500,\"height\":506,\"caption\":\"B&L MedienGesellschaft mbH & Co. KG\"},\"image\":{\"@id\":\"https:\\\/\\\/exportnavigator.fleischnet.de\\\/#\\\/schema\\\/logo\\\/image\\\/\"},\"sameAs\":[\"https:\\\/\\\/www.facebook.com\\\/profile.php?id=61556339901555\",\"https:\\\/\\\/www.instagram.com\\\/blgastrotrends.de\\\/\"]}]}<\/script>\n<!-- \/ Yoast SEO plugin. -->","yoast_head_json":{"title":"Impressum - exportnavigator.fleischnet.de","robots":{"index":"noindex","follow":"follow","max-snippet":"max-snippet:-1","max-image-preview":"max-image-preview:large","max-video-preview":"max-video-preview:-1"},"og_locale":"es_ES","og_type":"article","og_title":"Impressum - exportnavigator.fleischnet.de","og_description":"Verlag:B&amp;L MedienGesellschaft mbH &amp; Co. KGPostfach 10 02 20, 40702 HildenMax-Volmer-Str. 28, 40724 HildenTel.: 02103\/-204-0 \u2013 Fax: 02103\/204-204E-Mail: info@blmedien.deInternet: www.blmedien.de Verlagsniederlassung M\u00fcnchenB&amp;L MedienGesellschaft mbH &amp; Co. KGPostfach 21 03 46, [&hellip;]","og_url":"https:\/\/exportnavigator.fleischnet.de\/es\/impressum\/","og_site_name":"exportnavigator.fleischnet.de","article_publisher":"https:\/\/www.facebook.com\/profile.php?id=61556339901555","article_modified_time":"2024-02-23T08:02:07+00:00","twitter_card":"summary_large_image","twitter_misc":{"Tiempo de lectura":"2 minutos"},"schema":{"@context":"https:\/\/schema.org","@graph":[{"@type":"WebPage","@id":"https:\/\/exportnavigator.fleischnet.de\/impressum","url":"https:\/\/exportnavigator.fleischnet.de\/impressum","name":"Impressum - exportnavigator.fleischnet.de","isPartOf":{"@id":"https:\/\/exportnavigator.fleischnet.de\/#website"},"datePublished":"2024-01-27T10:15:33+00:00","dateModified":"2024-02-23T08:02:07+00:00","breadcrumb":{"@id":"https:\/\/exportnavigator.fleischnet.de\/impressum#breadcrumb"},"inLanguage":"es","potentialAction":[{"@type":"ReadAction","target":["https:\/\/exportnavigator.fleischnet.de\/impressum"]}]},{"@type":"BreadcrumbList","@id":"https:\/\/exportnavigator.fleischnet.de\/impressum#breadcrumb","itemListElement":[{"@type":"ListItem","position":1,"name":"Startseite","item":"https:\/\/exportnavigator.fleischnet.de\/"},{"@type":"ListItem","position":2,"name":"Impressum"}]},{"@type":"WebSite","@id":"https:\/\/exportnavigator.fleischnet.de\/#website","url":"https:\/\/exportnavigator.fleischnet.de\/","name":"blgastrotrends.de","description":"","publisher":{"@id":"https:\/\/exportnavigator.fleischnet.de\/#organization"},"potentialAction":[{"@type":"SearchAction","target":{"@type":"EntryPoint","urlTemplate":"https:\/\/exportnavigator.fleischnet.de\/?s={search_term_string}"},"query-input":{"@type":"PropertyValueSpecification","valueRequired":true,"valueName":"search_term_string"}}],"inLanguage":"es"},{"@type":"Organization","@id":"https:\/\/exportnavigator.fleischnet.de\/#organization","name":"B&L MedienGesellschaft mbH & Co. KG","url":"https:\/\/exportnavigator.fleischnet.de\/","logo":{"@type":"ImageObject","inLanguage":"es","@id":"https:\/\/exportnavigator.fleischnet.de\/#\/schema\/logo\/image\/","url":"https:\/\/exportnavigator.fleischnet.de\/wp-content\/uploads\/2023\/12\/exportnavigator_icon.png","contentUrl":"https:\/\/exportnavigator.fleischnet.de\/wp-content\/uploads\/2023\/12\/exportnavigator_icon.png","width":500,"height":506,"caption":"B&L MedienGesellschaft mbH & Co. KG"},"image":{"@id":"https:\/\/exportnavigator.fleischnet.de\/#\/schema\/logo\/image\/"},"sameAs":["https:\/\/www.facebook.com\/profile.php?id=61556339901555","https:\/\/www.instagram.com\/blgastrotrends.de\/"]}]}},"_links":{"self":[{"href":"https:\/\/exportnavigator.fleischnet.de\/es\/wp-json\/wp\/v2\/pages\/711","targetHints":{"allow":["GET"]}}],"collection":[{"href":"https:\/\/exportnavigator.fleischnet.de\/es\/wp-json\/wp\/v2\/pages"}],"about":[{"href":"https:\/\/exportnavigator.fleischnet.de\/es\/wp-json\/wp\/v2\/types\/page"}],"author":[{"embeddable":true,"href":"https:\/\/exportnavigator.fleischnet.de\/es\/wp-json\/wp\/v2\/users\/5"}],"replies":[{"embeddable":true,"href":"https:\/\/exportnavigator.fleischnet.de\/es\/wp-json\/wp\/v2\/comments?post=711"}],"version-history":[{"count":3,"href":"https:\/\/exportnavigator.fleischnet.de\/es\/wp-json\/wp\/v2\/pages\/711\/revisions"}],"predecessor-version":[{"id":1185,"href":"https:\/\/exportnavigator.fleischnet.de\/es\/wp-json\/wp\/v2\/pages\/711\/revisions\/1185"}],"wp:attachment":[{"href":"https:\/\/exportnavigator.fleischnet.de\/es\/wp-json\/wp\/v2\/media?parent=711"}],"curies":[{"name":"wp","href":"https:\/\/api.w.org\/{rel}","templated":true}]}}