{"id":709,"date":"2024-01-27T11:15:16","date_gmt":"2024-01-27T10:15:16","guid":{"rendered":"https:\/\/blgastrotrends.de\/?page_id=709"},"modified":"2024-01-27T11:26:36","modified_gmt":"2024-01-27T10:26:36","slug":"widerrufsbelehrung","status":"publish","type":"page","link":"https:\/\/exportnavigator.fleischnet.de\/pt\/widerrufsbelehrung","title":{"rendered":"Pol\u00edtica de cancelamento"},"content":{"rendered":"<h2 class=\"wp-block-heading\">Pol\u00edtica de cancelamento<\/h2>\n\n\n\n<p><strong>Direito de cancelamento para os consumidores finais<\/strong><\/p>\n\n\n\n<p>O consumidor final, na ace\u00e7\u00e3o do \u00a7 13 do BGB, s\u00f3 pode ser uma pessoa singular. O neg\u00f3cio jur\u00eddico n\u00e3o pode ser atribu\u00eddo a uma atividade comercial ou profissional independente. As pessoas colectivas ou os empres\u00e1rios nos termos do \u00a7 14, n.\u00ba 1, do BGB n\u00e3o s\u00e3o consumidores finais.<\/p>\n\n\n\n<p>O utilizador tem o direito de rescindir o contrato no prazo de catorze dias, sem necessidade de indicar qualquer motivo.<\/p>\n\n\n\n<p>O prazo de resolu\u00e7\u00e3o \u00e9 de catorze dias a contar do dia em que o comprador ou um terceiro por ele designado, que n\u00e3o seja o transportador, tenha tomado posse dos bens.<\/p>\n\n\n\n<p>Para exercer o seu direito de rescis\u00e3o, deve informar-nos (B&amp;L MedienGesellschaft mbH &amp; Co. KG, Max-Volmer-Stra\u00dfe 28, 40724 Hilden, Tel.: 02103\/204-0, Fax: 02103\/204-204, E-Mail: info@blmedien.de) da sua decis\u00e3o de rescindir o presente contrato atrav\u00e9s de uma declara\u00e7\u00e3o inequ\u00edvoca (por exemplo, carta enviada por correio, fax ou e-mail).<\/p>\n\n\n\n<p>Para respeitar o prazo de anula\u00e7\u00e3o, basta enviar a notifica\u00e7\u00e3o do exerc\u00edcio do direito de anula\u00e7\u00e3o antes do termo do per\u00edodo de anula\u00e7\u00e3o.<\/p>\n\n\n\n<p><strong>Consequ\u00eancias da anula\u00e7\u00e3o<\/strong><\/p>\n\n\n\n<p>Se o cliente rescindir o contrato, reembolsaremos todos os pagamentos recebidos do cliente, incluindo os custos de entrega (com exce\u00e7\u00e3o dos custos suplementares resultantes da escolha de um tipo de entrega diferente do tipo de entrega normal menos dispendioso oferecido pelo cliente), sem atrasos indevidos e, em qualquer caso, o mais tardar 14 dias a contar do dia em que formos informados da decis\u00e3o do cliente de rescindir o contrato. Para este reembolso, utilizaremos os mesmos meios de pagamento que utilizou para a transa\u00e7\u00e3o original, salvo acordo expresso em contr\u00e1rio com o cliente; em caso algum lhe ser\u00e3o cobradas quaisquer taxas por este reembolso. Podemos reter o reembolso at\u00e9 termos recebido os bens de volta ou at\u00e9 o utilizador ter apresentado prova de que devolveu os bens, consoante o que ocorrer primeiro.<\/p>\n\n\n\n<p>Deve devolver-nos ou entregar-nos a mercadoria imediatamente e, em qualquer caso, no prazo m\u00e1ximo de catorze dias a contar da data em que nos informar da resolu\u00e7\u00e3o do presente contrato. O prazo \u00e9 respeitado se a mercadoria for expedida antes do termo do prazo de catorze dias. O comprador suporta os custos diretos da devolu\u00e7\u00e3o da mercadoria. S\u00f3 tem de pagar uma eventual perda de valor da mercadoria se essa perda de valor se dever a um manuseamento da mercadoria que n\u00e3o seja necess\u00e1rio para verificar o seu estado, propriedades e funcionalidade.<\/p>\n\n\n\n<p><strong>Utilize o nosso formul\u00e1rio de anula\u00e7\u00e3o:<\/strong><\/p>\n\n\n\n<p><a href=\"https:\/\/blmedien.de\/wp-content\/uploads\/2022\/10\/Widerrufsrechtformular_BLMedienGesellschaft.pdf\">Descarregar o formul\u00e1rio de cancelamento (PDF)<\/a><\/p>","protected":false},"excerpt":{"rendered":"<p>Widerrufsbelehrung Widerrufsrecht f\u00fcr Endverbraucher Ein Endverbraucher im Sinne des \u00a7 13 BGB kann nur eine nat\u00fcrliche Person sein. Das Rechtsgesch\u00e4ft darf weder einer gewerblichen noch einer selbstst\u00e4ndigen beruflichen T\u00e4tigkeit zugerechnet [&hellip;]<\/p>","protected":false},"author":5,"featured_media":0,"parent":0,"menu_order":0,"comment_status":"closed","ping_status":"closed","template":"","meta":{"_acf_changed":false,"footnotes":"","_links_to":"","_links_to_target":""},"class_list":["post-709","page","type-page","status-publish","hentry"],"acf":[],"yoast_head":"<!-- This site is optimized with the Yoast SEO plugin v27.6 - https:\/\/yoast.com\/product\/yoast-seo-wordpress\/ -->\n<title>Widerrufsbelehrung - exportnavigator.fleischnet.de<\/title>\n<meta name=\"robots\" content=\"noindex, follow, max-snippet:-1, max-image-preview:large, max-video-preview:-1\" \/>\n<meta property=\"og:locale\" content=\"pt_PT\" \/>\n<meta property=\"og:type\" content=\"article\" \/>\n<meta property=\"og:title\" content=\"Widerrufsbelehrung - exportnavigator.fleischnet.de\" \/>\n<meta property=\"og:description\" content=\"Widerrufsbelehrung Widerrufsrecht f\u00fcr Endverbraucher Ein Endverbraucher im Sinne des \u00a7 13 BGB kann nur eine nat\u00fcrliche Person sein. Das Rechtsgesch\u00e4ft darf weder einer gewerblichen noch einer selbstst\u00e4ndigen beruflichen T\u00e4tigkeit zugerechnet [&hellip;]\" \/>\n<meta property=\"og:url\" content=\"https:\/\/exportnavigator.fleischnet.de\/pt\/widerrufsbelehrung\/\" \/>\n<meta property=\"og:site_name\" content=\"exportnavigator.fleischnet.de\" \/>\n<meta property=\"article:publisher\" content=\"https:\/\/www.facebook.com\/profile.php?id=61556339901555\" \/>\n<meta property=\"article:modified_time\" content=\"2024-01-27T10:26:36+00:00\" \/>\n<meta name=\"twitter:card\" content=\"summary_large_image\" \/>\n<meta name=\"twitter:label1\" content=\"Tempo estimado de leitura\" \/>\n\t<meta name=\"twitter:data1\" content=\"2 minutos\" \/>\n<script type=\"application\/ld+json\" class=\"yoast-schema-graph\">{\"@context\":\"https:\\\/\\\/schema.org\",\"@graph\":[{\"@type\":\"WebPage\",\"@id\":\"https:\\\/\\\/exportnavigator.fleischnet.de\\\/widerrufsbelehrung\",\"url\":\"https:\\\/\\\/exportnavigator.fleischnet.de\\\/widerrufsbelehrung\",\"name\":\"Widerrufsbelehrung - exportnavigator.fleischnet.de\",\"isPartOf\":{\"@id\":\"https:\\\/\\\/exportnavigator.fleischnet.de\\\/#website\"},\"datePublished\":\"2024-01-27T10:15:16+00:00\",\"dateModified\":\"2024-01-27T10:26:36+00:00\",\"breadcrumb\":{\"@id\":\"https:\\\/\\\/exportnavigator.fleischnet.de\\\/widerrufsbelehrung#breadcrumb\"},\"inLanguage\":\"pt-PT\",\"potentialAction\":[{\"@type\":\"ReadAction\",\"target\":[\"https:\\\/\\\/exportnavigator.fleischnet.de\\\/widerrufsbelehrung\"]}]},{\"@type\":\"BreadcrumbList\",\"@id\":\"https:\\\/\\\/exportnavigator.fleischnet.de\\\/widerrufsbelehrung#breadcrumb\",\"itemListElement\":[{\"@type\":\"ListItem\",\"position\":1,\"name\":\"Startseite\",\"item\":\"https:\\\/\\\/exportnavigator.fleischnet.de\\\/\"},{\"@type\":\"ListItem\",\"position\":2,\"name\":\"Widerrufsbelehrung\"}]},{\"@type\":\"WebSite\",\"@id\":\"https:\\\/\\\/exportnavigator.fleischnet.de\\\/#website\",\"url\":\"https:\\\/\\\/exportnavigator.fleischnet.de\\\/\",\"name\":\"blgastrotrends.de\",\"description\":\"\",\"publisher\":{\"@id\":\"https:\\\/\\\/exportnavigator.fleischnet.de\\\/#organization\"},\"potentialAction\":[{\"@type\":\"SearchAction\",\"target\":{\"@type\":\"EntryPoint\",\"urlTemplate\":\"https:\\\/\\\/exportnavigator.fleischnet.de\\\/?s={search_term_string}\"},\"query-input\":{\"@type\":\"PropertyValueSpecification\",\"valueRequired\":true,\"valueName\":\"search_term_string\"}}],\"inLanguage\":\"pt-PT\"},{\"@type\":\"Organization\",\"@id\":\"https:\\\/\\\/exportnavigator.fleischnet.de\\\/#organization\",\"name\":\"B&L MedienGesellschaft mbH & Co. KG\",\"url\":\"https:\\\/\\\/exportnavigator.fleischnet.de\\\/\",\"logo\":{\"@type\":\"ImageObject\",\"inLanguage\":\"pt-PT\",\"@id\":\"https:\\\/\\\/exportnavigator.fleischnet.de\\\/#\\\/schema\\\/logo\\\/image\\\/\",\"url\":\"https:\\\/\\\/exportnavigator.fleischnet.de\\\/wp-content\\\/uploads\\\/2023\\\/12\\\/exportnavigator_icon.png\",\"contentUrl\":\"https:\\\/\\\/exportnavigator.fleischnet.de\\\/wp-content\\\/uploads\\\/2023\\\/12\\\/exportnavigator_icon.png\",\"width\":500,\"height\":506,\"caption\":\"B&L MedienGesellschaft mbH & Co. KG\"},\"image\":{\"@id\":\"https:\\\/\\\/exportnavigator.fleischnet.de\\\/#\\\/schema\\\/logo\\\/image\\\/\"},\"sameAs\":[\"https:\\\/\\\/www.facebook.com\\\/profile.php?id=61556339901555\",\"https:\\\/\\\/www.instagram.com\\\/blgastrotrends.de\\\/\"]}]}<\/script>\n<!-- \/ Yoast SEO plugin. -->","yoast_head_json":{"title":"Widerrufsbelehrung - exportnavigator.fleischnet.de","robots":{"index":"noindex","follow":"follow","max-snippet":"max-snippet:-1","max-image-preview":"max-image-preview:large","max-video-preview":"max-video-preview:-1"},"og_locale":"pt_PT","og_type":"article","og_title":"Widerrufsbelehrung - exportnavigator.fleischnet.de","og_description":"Widerrufsbelehrung Widerrufsrecht f\u00fcr Endverbraucher Ein Endverbraucher im Sinne des \u00a7 13 BGB kann nur eine nat\u00fcrliche Person sein. Das Rechtsgesch\u00e4ft darf weder einer gewerblichen noch einer selbstst\u00e4ndigen beruflichen T\u00e4tigkeit zugerechnet [&hellip;]","og_url":"https:\/\/exportnavigator.fleischnet.de\/pt\/widerrufsbelehrung\/","og_site_name":"exportnavigator.fleischnet.de","article_publisher":"https:\/\/www.facebook.com\/profile.php?id=61556339901555","article_modified_time":"2024-01-27T10:26:36+00:00","twitter_card":"summary_large_image","twitter_misc":{"Tempo estimado de leitura":"2 minutos"},"schema":{"@context":"https:\/\/schema.org","@graph":[{"@type":"WebPage","@id":"https:\/\/exportnavigator.fleischnet.de\/widerrufsbelehrung","url":"https:\/\/exportnavigator.fleischnet.de\/widerrufsbelehrung","name":"Widerrufsbelehrung - exportnavigator.fleischnet.de","isPartOf":{"@id":"https:\/\/exportnavigator.fleischnet.de\/#website"},"datePublished":"2024-01-27T10:15:16+00:00","dateModified":"2024-01-27T10:26:36+00:00","breadcrumb":{"@id":"https:\/\/exportnavigator.fleischnet.de\/widerrufsbelehrung#breadcrumb"},"inLanguage":"pt-PT","potentialAction":[{"@type":"ReadAction","target":["https:\/\/exportnavigator.fleischnet.de\/widerrufsbelehrung"]}]},{"@type":"BreadcrumbList","@id":"https:\/\/exportnavigator.fleischnet.de\/widerrufsbelehrung#breadcrumb","itemListElement":[{"@type":"ListItem","position":1,"name":"Startseite","item":"https:\/\/exportnavigator.fleischnet.de\/"},{"@type":"ListItem","position":2,"name":"Widerrufsbelehrung"}]},{"@type":"WebSite","@id":"https:\/\/exportnavigator.fleischnet.de\/#website","url":"https:\/\/exportnavigator.fleischnet.de\/","name":"blgastrotrends.de","description":"","publisher":{"@id":"https:\/\/exportnavigator.fleischnet.de\/#organization"},"potentialAction":[{"@type":"SearchAction","target":{"@type":"EntryPoint","urlTemplate":"https:\/\/exportnavigator.fleischnet.de\/?s={search_term_string}"},"query-input":{"@type":"PropertyValueSpecification","valueRequired":true,"valueName":"search_term_string"}}],"inLanguage":"pt-PT"},{"@type":"Organization","@id":"https:\/\/exportnavigator.fleischnet.de\/#organization","name":"B&L MedienGesellschaft mbH & Co. KG","url":"https:\/\/exportnavigator.fleischnet.de\/","logo":{"@type":"ImageObject","inLanguage":"pt-PT","@id":"https:\/\/exportnavigator.fleischnet.de\/#\/schema\/logo\/image\/","url":"https:\/\/exportnavigator.fleischnet.de\/wp-content\/uploads\/2023\/12\/exportnavigator_icon.png","contentUrl":"https:\/\/exportnavigator.fleischnet.de\/wp-content\/uploads\/2023\/12\/exportnavigator_icon.png","width":500,"height":506,"caption":"B&L MedienGesellschaft mbH & Co. KG"},"image":{"@id":"https:\/\/exportnavigator.fleischnet.de\/#\/schema\/logo\/image\/"},"sameAs":["https:\/\/www.facebook.com\/profile.php?id=61556339901555","https:\/\/www.instagram.com\/blgastrotrends.de\/"]}]}},"_links":{"self":[{"href":"https:\/\/exportnavigator.fleischnet.de\/pt\/wp-json\/wp\/v2\/pages\/709","targetHints":{"allow":["GET"]}}],"collection":[{"href":"https:\/\/exportnavigator.fleischnet.de\/pt\/wp-json\/wp\/v2\/pages"}],"about":[{"href":"https:\/\/exportnavigator.fleischnet.de\/pt\/wp-json\/wp\/v2\/types\/page"}],"author":[{"embeddable":true,"href":"https:\/\/exportnavigator.fleischnet.de\/pt\/wp-json\/wp\/v2\/users\/5"}],"replies":[{"embeddable":true,"href":"https:\/\/exportnavigator.fleischnet.de\/pt\/wp-json\/wp\/v2\/comments?post=709"}],"version-history":[{"count":2,"href":"https:\/\/exportnavigator.fleischnet.de\/pt\/wp-json\/wp\/v2\/pages\/709\/revisions"}],"predecessor-version":[{"id":730,"href":"https:\/\/exportnavigator.fleischnet.de\/pt\/wp-json\/wp\/v2\/pages\/709\/revisions\/730"}],"wp:attachment":[{"href":"https:\/\/exportnavigator.fleischnet.de\/pt\/wp-json\/wp\/v2\/media?parent=709"}],"curies":[{"name":"wp","href":"https:\/\/api.w.org\/{rel}","templated":true}]}}